{"id":422,"date":"2016-03-31T14:34:17","date_gmt":"2016-03-31T14:34:17","guid":{"rendered":"https:\/\/comunicacaoeleitoral.ufpr.br\/?page_id=422"},"modified":"2021-08-02T22:25:08","modified_gmt":"2021-08-02T22:25:08","slug":"revistas-e-eventos","status":"publish","type":"page","link":"https:\/\/comunicacaoeleitoral.ufpr.br\/index.php\/revistas-e-eventos\/","title":{"rendered":"Peri\u00f3dicos"},"content":{"rendered":"<p><a href=\"https:\/\/revistas.ufpr.br\/acaomidiatica\">A\u00e7\u00e3o Midi\u00e1tica \u2013 Estudos em Comunica\u00e7\u00e3o, Sociedade e Cultura\u00a0&#8211;\u00a0Programa de P\u00f3s-Gradua\u00e7\u00e3o em Comunica\u00e7\u00e3o da Universidade Federal do Paran\u00e1 (UFPR).<\/a><\/p>\n<p><a href=\"http:\/\/www.compolitica.org\/revista\/index.php\/revista\">Revista Compol\u00edtica &#8211;\u00a0Associa\u00e7\u00e3o Brasileira de Pesquisadores em Comunica\u00e7\u00e3o e Pol\u00edtica.<\/a><\/p>\n<p><a href=\"http:\/\/www.cebela.org.br\/\">Comunica\u00e7\u00e3o &amp; Pol\u00edtica &#8211;\u00a0Centro Brasileiro de Estudos Latino-Americanos (Cebela).<\/a><\/p>\n<p><a href=\"http:\/\/www.compos.org.br\/e_compos.php\">E-Comp\u00f3s &#8211;\u00a0Associa\u00e7\u00e3o Nacional dos Programas de P\u00f3s-Gradua\u00e7\u00e3o em Comunica\u00e7\u00e3o (Comp\u00f3s)<\/a><\/p>\n<p><a href=\"http:\/\/www.agendapolitica.ufscar.br\/\">Agenda Pol\u00edtica \u2013 UFSCar <\/a><\/p>\n<p><a href=\"http:\/\/www2.marilia.unesp.br\/revistas\/index.php\/aurora\">Aurora \u2013 Unesp <\/a><\/p>\n<p><a href=\"http:\/\/revistas.pucsp.br\/index.php\/aurora\/index\">Aurora. Revista de Arte, M\u00eddia e Pol\u00edtica \u2013 PUC\/SP<\/a><\/p>\n<p><a href=\"http:\/\/portcom.intercom.org.br\/revistas\/index.php\/revistaintercom\">Revista Brasileira de Ci\u00eancias da Comunica\u00e7\u00e3o \u2013 Intercom<\/a><\/p>\n<p><a href=\"https:\/\/brazilianpoliticalsciencereview.org\/\">Brazilian Political Science Review \u2013 ABCP<\/a><\/p>\n<p><a href=\"https:\/\/anpocs.com\/index.php\/bib-pt#\">Revista Brasileira de Informa\u00e7\u00e3o Bibliogr\u00e1fica em Ci\u00eancias Sociais &#8211; Anpocs<\/a><\/p>\n<p><a href=\"https:\/\/crh.ufba.br\/caderno-crh\">Caderno CHR &#8211; UFBA<\/a><\/p>\n<p><a href=\"http:\/\/www.cadernosmetropole.net\/pt\/inicio\">Caderno Metr\u00f3pole \u2013 Observat\u00f3rio das metr\u00f3poles<\/a><\/p>\n<p><a href=\"https:\/\/www.pagu.unicamp.br\/pt-br\/cadernos-pagu-5\">Cadernos Pagu &#8211; N\u00facleo de Estudos de G\u00eanero \u2013 Pagu\/Unicamp<\/a><\/p>\n<p><a href=\"https:\/\/www.e-publicacoes.uerj.br\/index.php\/CESP\">Cadernos de Estudos Sociais e Pol\u00edticos &#8211; Iesp<\/a><\/p>\n<p><a href=\"http:\/\/revistas.unisinos.br\/index.php\/ciencias_sociais\">Ci\u00eancias Sociais Unisinos \u2013 Unisinos<\/a><\/p>\n<p><a href=\"http:\/\/revistaseletronicas.pucrs.br\/ojs\/index.php\/civitas\">Civitas \u2013 PUC\/RS<\/a><\/p>\n<p><a href=\"https:\/\/www.metodista.br\/revistas\/revistas-ims\/index.php\/CSO\">Comunica\u00e7\u00e3o &amp; Sociedade \u2013 Metodista<\/a><\/p>\n<p><a href=\"http:\/\/www.humanas.ufpr.br\/portal\/conjunturaglobal\/\">Revista Conjuntura Global \u2013 UFPR<\/a><\/p>\n<p><a href=\"https:\/\/www.contemporanea.ufscar.br\/index.php\/contemporanea\">Contempor\u00e2nea \u2013 UFSCar<\/a><\/p>\n<p><a href=\"https:\/\/periodicos.ufjf.br\/index.php\/csonline\/index\">CSOnline \u2013 UFJF<\/a><\/p>\n<p><a href=\"https:\/\/periodicos.ufjf.br\/index.php\/lumina\/index\">Lumina \u2013 UFJF<\/a><\/p>\n<p><a href=\"https:\/\/periodicos.ufjf.br\/index.php\/TeoriaeCultura\/index\">Teoria e Cultura \u2013 UFJF<\/a><\/p>\n<p><a href=\"http:\/\/www.scielo.br\/scielo.php?script=sci_serial&amp;pid=0011-5258&amp;lng=es&amp;nrm=is\">Dados \u2013 IESP<\/a><\/p>\n<p><a href=\"http:\/\/seer.ufrgs.br\/revistadebates\/\">Debates \u2013 UFRS<\/a><\/p>\n<p><a href=\"https:\/\/periodicos.ufsc.br\/index.php\/emtese\/index\">Em Tese &#8211; UFSC<\/a><\/p>\n<p><a href=\"http:\/\/www.scielo.br\/scielo.php?script=sci_serial&amp;pid=0102-6445&amp;lng=pt&amp;nrm=iso\">Lua Nova &#8211; Cedec<\/a><\/p>\n<p><a href=\"http:\/\/socialsciences.scielo.org\/scielo.php?script=sci_serial&amp;pid=1414-3283&amp;lng=pt&amp;nrm=iso\">Interface \u2013 Unesp<\/a><\/p>\n<p><a href=\"http:\/\/www.uel.br\/revistas\/uel\/index.php\/mediacoes\">Media\u00e7\u00f5es \u2013 UEL<\/a><\/p>\n<p><a href=\"http:\/\/www.scielo.br\/scielo.php?script=sci_serial&amp;pid=0104-6276&amp;lng=en&amp;nrm=iso\">Opini\u00e3o Publica \u2013 Unicamp<\/a><\/p>\n<p><a href=\"http:\/\/www.tre-pr.jus.br\/institucional\/revista-parana-eleitoral\/copy_of_revistas\">Paran\u00e1 Eleitoral &#8211; TER<\/a><\/p>\n<p><a href=\"http:\/\/www.e-publicacoes.uerj.br\/index.php\/polemica\/\">Pol\u00eamica \u2013 UERJ<\/a><\/p>\n<p><a href=\"https:\/\/periodicos.ufpel.edu.br\/ojs2\/index.php\/NORUS\/index\">Revista Norus \u2013 UFPEL<\/a><\/p>\n<p><a href=\"https:\/\/periodicos.ufpel.edu.br\/ojs2\/index.php\/percsoc\/index\">Perspectivas Sociais \u2013 UFPEL<\/a><\/p>\n<p><a href=\"http:\/\/periodicos.ufpb.br\/ojs2\/index.php\/politicaetrabalho\/index\">Pol\u00edtica e Trabalho \u2013 UFPB<\/a><\/p>\n<p><a href=\"https:\/\/periodicos.ufpe.br\/revistas\/politicahoje\">Politica Hoje &#8211; UFPE<\/a><\/p>\n<p><a href=\"http:\/\/www.scielo.br\/scielo.php?pid=0102-6909&amp;script=sci_serial\">Revista Brasileira de Ci\u00eancias Sociais \u2013 Anpocs<\/a><\/p>\n<p><a href=\"http:\/\/www.scielo.br\/scielo.php?script=sci_serial&amp;pid=0101-3157&amp;nrm=iso&amp;rep=&amp;lng=pt\">Revista de Economia Pol\u00edtica<\/a><\/p>\n<p><a href=\"https:\/\/revistas.ufpr.br\/politica\">Revista Eletr\u00f4nica de Ci\u00eancia Politica \u2013 UFPR<\/a><\/p>\n<p><a href=\"http:\/\/socialsciences.scielo.org\/scielo.php?script=sci_serial&amp;pid=0104-026X&amp;lng=pt&amp;nrm=iso\">Revista de estudos feministas &#8211; UFSC<\/a><\/p>\n<p><a href=\"http:\/\/www.scielo.br\/scielo.php?script=sci_serial&amp;pid=0102-6992&amp;lng=pt&amp;nrm=is\">Sociedade e Estado \u2013 Universidade de Bras\u00edlia<\/a><\/p>\n<p><a href=\"http:\/\/www.revistas.usp.br\/comueduc\/\">Revista Comunica\u00e7\u00e3o e Educa\u00e7\u00e3o \u2013 USP<\/a><\/p>\n<p><a href=\"http:\/\/revistacmc.espm.br\/index.php\/revistacmc\">Comunica\u00e7\u00e3o M\u00eddia e Consumo \u2013 ESPM\/SP<\/a><\/p>\n<p><a href=\"http:\/\/revistaseletronicas.pucrs.br\/ojs\/index.php\/revistafamecos\">Famecos \u2013 PUC\/RS<\/a><\/p>\n<p><a href=\"http:\/\/revistas.unisinos.br\/index.php\/fronteiras\">Fronteiras Estudos Midi\u00e1ticos \u2013 Unisinos<\/a><\/p>\n<p><a href=\"http:\/\/revistaalceu.com.puc-rio.br\/index.php\/alceu\">Alceu: Revista de Comunica\u00e7\u00e3o, Cultura e Pol\u00edtica PUC\/RJ<\/a><\/p>\n<p><a href=\"http:\/\/bjr.sbpjor.org.br\/bjr\">Brazilian Journalism Research &#8211; Associa\u00e7\u00e3o Brasileira de Pesquisadores em Jornalismo<\/a><\/p>\n<p><a href=\"http:\/\/cascavel.ufsm.br\/revistas\/ojs-2.2.2\/index.php\/animus\">Animus \u2013 UFSM<\/a><\/p>\n<p><a href=\"http:\/\/cascavel.ufsm.br\/revistas\/ojs-2.2.2\/index.php\/ccomunicacao\/\">Cadernos de Comunica\u00e7\u00e3o &#8211; UFSM<\/a><\/p>\n<p><a href=\"http:\/\/casperlibero.edu.br\/revista-communicare\/\">Communicare \u2013 C\u00e1sper L\u00edbero<\/a><\/p>\n<p><a href=\"http:\/\/periodicos.ufpb.br\/index.php\/cm\">Culturas midi\u00e1ticas &#8211; UFPB<\/a><\/p>\n<p><a href=\"http:\/\/seer.ufrgs.br\/EmQuestao\">Em Quest\u00e3o &#8211; UFRS<\/a><\/p>\n<p><a href=\"https:\/\/periodicos.ufsc.br\/index.php\/jornalismo\">Estudos em Jornalismo e M\u00eddia \u2013 UFSC<\/a><\/p>\n<p><a href=\"https:\/\/www.ufpe.br\/ppgcom\/index.php?option=com_content&amp;view=article&amp;id=322&amp;Itemid=241\">Revista \u00cdcone \u2013 UFPE<\/a><\/p>\n<p><a href=\"http:\/\/www.revistas2.uepg.br\/index.php\/pauta\/index\">Pauta Geral \u2013 estudos em Jornalismo &#8211; UEPG<\/a><\/p>\n<p><a href=\"http:\/\/www.revistas.usp.br\/Rumores\">Rumores \u2013 USP<\/a><\/p>\n<p><a href=\"https:\/\/www.revistasuninter.com\/revistacomunicacao\/index.php\/revista\">Revista Uninter de Comunica\u00e7\u00e3o \u2013 Uninter<\/a><\/p>\n<p><a href=\"http:\/\/revistas.unisinos.br\/index.php\/versoereverso\/about\">Verso e Reverso \u2013 Unisinos<\/a><\/p>\n<p><a href=\"https:\/\/periodicos.pucpr.br\/index.php\/estudosdecomunicacao\">Estudo em Comunica\u00e7\u00e3o \u2013 PUCPR<\/a><\/p>\n<p><a href=\"http:\/\/www.seer.ufu.br\/index.php\/criticasociedade\">Revista Cr\u00edtica e Sociedade &#8211; UFU<\/a><\/p>\n<p><a href=\"https:\/\/www.revistageminis.ufscar.br\/index.php\/geminis\">Revista Geminis \u2013 UFSCar<\/a><\/p>\n<p>&nbsp;<\/p>\n","protected":false},"excerpt":{"rendered":"<p>A\u00e7\u00e3o Midi\u00e1tica \u2013 Estudos em Comunica\u00e7\u00e3o, Sociedade e Cultura\u00a0&#8211;\u00a0Programa de P\u00f3s-Gradua\u00e7\u00e3o em Comunica\u00e7\u00e3o da Universidade Federal do Paran\u00e1 (UFPR). Revista Compol\u00edtica &#8211;\u00a0Associa\u00e7\u00e3o Brasileira de Pesquisadores em Comunica\u00e7\u00e3o e Pol\u00edtica. Comunica\u00e7\u00e3o &amp; Pol\u00edtica &#8211;\u00a0Centro Brasileiro de Estudos Latino-Americanos (Cebela). E-Comp\u00f3s &#8211;\u00a0Associa\u00e7\u00e3o Nacional dos Programas de P\u00f3s-Gradua\u00e7\u00e3o em Comunica\u00e7\u00e3o (Comp\u00f3s) Agenda Pol\u00edtica \u2013 UFSCar Aurora \u2013 Unesp [&hellip;]<\/p>\n","protected":false},"author":1,"featured_media":0,"parent":0,"menu_order":0,"comment_status":"closed","ping_status":"closed","template":"","meta":{"_monsterinsights_skip_tracking":false,"_monsterinsights_sitenote_active":false,"_monsterinsights_sitenote_note":"","_monsterinsights_sitenote_category":0,"footnotes":""},"yoast_head":"<!-- This site is optimized with the Yoast SEO plugin v22.2 - https:\/\/yoast.com\/wordpress\/plugins\/seo\/ -->\n<title>Peri\u00f3dicos - Comunica\u00e7\u00e3o Eleitoral<\/title>\n<meta name=\"description\" content=\"Grupo de pesquisa ligado \u00e0 linha de Comunica\u00e7\u00e3o, Pol\u00edtica e Atores Coletivos do Programa de P\u00f3s-gradua\u00e7\u00e3o em Comunica\u00e7\u00e3o da Universidade Federal do Paran\u00e1 (UFPR)\" \/>\n<meta name=\"robots\" content=\"index, follow, max-snippet:-1, max-image-preview:large, max-video-preview:-1\" \/>\n<link rel=\"canonical\" href=\"https:\/\/comunicacaoeleitoral.ufpr.br\/index.php\/revistas-e-eventos\/\" \/>\n<meta property=\"og:locale\" content=\"pt_BR\" \/>\n<meta property=\"og:type\" content=\"article\" \/>\n<meta property=\"og:title\" content=\"Peri\u00f3dicos - Comunica\u00e7\u00e3o Eleitoral\" \/>\n<meta property=\"og:description\" content=\"Grupo de pesquisa ligado \u00e0 linha de Comunica\u00e7\u00e3o, Pol\u00edtica e Atores Coletivos do Programa de P\u00f3s-gradua\u00e7\u00e3o em Comunica\u00e7\u00e3o da Universidade Federal do Paran\u00e1 (UFPR)\" \/>\n<meta property=\"og:url\" content=\"https:\/\/comunicacaoeleitoral.ufpr.br\/index.php\/revistas-e-eventos\/\" \/>\n<meta property=\"og:site_name\" content=\"Comunica\u00e7\u00e3o Eleitoral\" \/>\n<meta property=\"article:publisher\" content=\"https:\/\/www.facebook.com\/Comunica%c3%a7%c3%a3o-Eleitoral-564214587069724\/\" \/>\n<meta property=\"article:modified_time\" content=\"2021-08-02T22:25:08+00:00\" \/>\n<meta name=\"twitter:card\" content=\"summary_large_image\" \/>\n<meta name=\"twitter:label1\" content=\"Est. tempo de leitura\" \/>\n\t<meta name=\"twitter:data1\" content=\"2 minutos\" \/>\n<script type=\"application\/ld+json\" class=\"yoast-schema-graph\">{\"@context\":\"https:\/\/schema.org\",\"@graph\":[{\"@type\":\"WebPage\",\"@id\":\"https:\/\/comunicacaoeleitoral.ufpr.br\/index.php\/revistas-e-eventos\/\",\"url\":\"https:\/\/comunicacaoeleitoral.ufpr.br\/index.php\/revistas-e-eventos\/\",\"name\":\"Peri\u00f3dicos - Comunica\u00e7\u00e3o Eleitoral\",\"isPartOf\":{\"@id\":\"https:\/\/comunicacaoeleitoral.ufpr.br\/#website\"},\"datePublished\":\"2016-03-31T14:34:17+00:00\",\"dateModified\":\"2021-08-02T22:25:08+00:00\",\"description\":\"Grupo de pesquisa ligado \u00e0 linha de Comunica\u00e7\u00e3o, Pol\u00edtica e Atores Coletivos do Programa de P\u00f3s-gradua\u00e7\u00e3o em Comunica\u00e7\u00e3o da Universidade Federal do Paran\u00e1 (UFPR)\",\"breadcrumb\":{\"@id\":\"https:\/\/comunicacaoeleitoral.ufpr.br\/index.php\/revistas-e-eventos\/#breadcrumb\"},\"inLanguage\":\"pt-BR\",\"potentialAction\":[{\"@type\":\"ReadAction\",\"target\":[\"https:\/\/comunicacaoeleitoral.ufpr.br\/index.php\/revistas-e-eventos\/\"]}]},{\"@type\":\"BreadcrumbList\",\"@id\":\"https:\/\/comunicacaoeleitoral.ufpr.br\/index.php\/revistas-e-eventos\/#breadcrumb\",\"itemListElement\":[{\"@type\":\"ListItem\",\"position\":1,\"name\":\"In\u00edcio\",\"item\":\"https:\/\/comunicacaoeleitoral.ufpr.br\/\"},{\"@type\":\"ListItem\",\"position\":2,\"name\":\"Peri\u00f3dicos\"}]},{\"@type\":\"WebSite\",\"@id\":\"https:\/\/comunicacaoeleitoral.ufpr.br\/#website\",\"url\":\"https:\/\/comunicacaoeleitoral.ufpr.br\/\",\"name\":\"Comunica\u00e7\u00e3o Eleitoral\",\"description\":\"Grupo de pesquisa ligado \u00e0 linha de Comunica\u00e7\u00e3o e Pol\u00edtica do Programa de P\u00f3s-gradua\u00e7\u00e3o em Comunica\u00e7\u00e3o da Universidade Federal do Paran\u00e1.\",\"publisher\":{\"@id\":\"https:\/\/comunicacaoeleitoral.ufpr.br\/#organization\"},\"potentialAction\":[{\"@type\":\"SearchAction\",\"target\":{\"@type\":\"EntryPoint\",\"urlTemplate\":\"https:\/\/comunicacaoeleitoral.ufpr.br\/?s={search_term_string}\"},\"query-input\":\"required name=search_term_string\"}],\"inLanguage\":\"pt-BR\"},{\"@type\":\"Organization\",\"@id\":\"https:\/\/comunicacaoeleitoral.ufpr.br\/#organization\",\"name\":\"Comunica\u00e7\u00e3o Eleitoral\",\"url\":\"https:\/\/comunicacaoeleitoral.ufpr.br\/\",\"logo\":{\"@type\":\"ImageObject\",\"inLanguage\":\"pt-BR\",\"@id\":\"https:\/\/comunicacaoeleitoral.ufpr.br\/#\/schema\/logo\/image\/\",\"url\":\"https:\/\/comunicacaoeleitoral.ufpr.br\/wp-content\/uploads\/2015\/05\/header2c_celtalks.png\",\"contentUrl\":\"https:\/\/comunicacaoeleitoral.ufpr.br\/wp-content\/uploads\/2015\/05\/header2c_celtalks.png\",\"width\":1800,\"height\":674,\"caption\":\"Comunica\u00e7\u00e3o Eleitoral\"},\"image\":{\"@id\":\"https:\/\/comunicacaoeleitoral.ufpr.br\/#\/schema\/logo\/image\/\"},\"sameAs\":[\"https:\/\/www.facebook.com\/Comunica\u00e7\u00e3o-Eleitoral-564214587069724\/\",\"https:\/\/www.instagram.com\/comunicacaoeleitoral\/\",\"https:\/\/www.youtube.com\/ocanalpanke\"]}]}<\/script>\n<!-- \/ Yoast SEO plugin. -->","yoast_head_json":{"title":"Peri\u00f3dicos - Comunica\u00e7\u00e3o Eleitoral","description":"Grupo de pesquisa ligado \u00e0 linha de Comunica\u00e7\u00e3o, Pol\u00edtica e Atores Coletivos do Programa de P\u00f3s-gradua\u00e7\u00e3o em Comunica\u00e7\u00e3o da Universidade Federal do Paran\u00e1 (UFPR)","robots":{"index":"index","follow":"follow","max-snippet":"max-snippet:-1","max-image-preview":"max-image-preview:large","max-video-preview":"max-video-preview:-1"},"canonical":"https:\/\/comunicacaoeleitoral.ufpr.br\/index.php\/revistas-e-eventos\/","og_locale":"pt_BR","og_type":"article","og_title":"Peri\u00f3dicos - Comunica\u00e7\u00e3o Eleitoral","og_description":"Grupo de pesquisa ligado \u00e0 linha de Comunica\u00e7\u00e3o, Pol\u00edtica e Atores Coletivos do Programa de P\u00f3s-gradua\u00e7\u00e3o em Comunica\u00e7\u00e3o da Universidade Federal do Paran\u00e1 (UFPR)","og_url":"https:\/\/comunicacaoeleitoral.ufpr.br\/index.php\/revistas-e-eventos\/","og_site_name":"Comunica\u00e7\u00e3o Eleitoral","article_publisher":"https:\/\/www.facebook.com\/Comunica%c3%a7%c3%a3o-Eleitoral-564214587069724\/","article_modified_time":"2021-08-02T22:25:08+00:00","twitter_card":"summary_large_image","twitter_misc":{"Est. tempo de leitura":"2 minutos"},"schema":{"@context":"https:\/\/schema.org","@graph":[{"@type":"WebPage","@id":"https:\/\/comunicacaoeleitoral.ufpr.br\/index.php\/revistas-e-eventos\/","url":"https:\/\/comunicacaoeleitoral.ufpr.br\/index.php\/revistas-e-eventos\/","name":"Peri\u00f3dicos - Comunica\u00e7\u00e3o Eleitoral","isPartOf":{"@id":"https:\/\/comunicacaoeleitoral.ufpr.br\/#website"},"datePublished":"2016-03-31T14:34:17+00:00","dateModified":"2021-08-02T22:25:08+00:00","description":"Grupo de pesquisa ligado \u00e0 linha de Comunica\u00e7\u00e3o, Pol\u00edtica e Atores Coletivos do Programa de P\u00f3s-gradua\u00e7\u00e3o em Comunica\u00e7\u00e3o da Universidade Federal do Paran\u00e1 (UFPR)","breadcrumb":{"@id":"https:\/\/comunicacaoeleitoral.ufpr.br\/index.php\/revistas-e-eventos\/#breadcrumb"},"inLanguage":"pt-BR","potentialAction":[{"@type":"ReadAction","target":["https:\/\/comunicacaoeleitoral.ufpr.br\/index.php\/revistas-e-eventos\/"]}]},{"@type":"BreadcrumbList","@id":"https:\/\/comunicacaoeleitoral.ufpr.br\/index.php\/revistas-e-eventos\/#breadcrumb","itemListElement":[{"@type":"ListItem","position":1,"name":"In\u00edcio","item":"https:\/\/comunicacaoeleitoral.ufpr.br\/"},{"@type":"ListItem","position":2,"name":"Peri\u00f3dicos"}]},{"@type":"WebSite","@id":"https:\/\/comunicacaoeleitoral.ufpr.br\/#website","url":"https:\/\/comunicacaoeleitoral.ufpr.br\/","name":"Comunica\u00e7\u00e3o Eleitoral","description":"Grupo de pesquisa ligado \u00e0 linha de Comunica\u00e7\u00e3o e Pol\u00edtica do Programa de P\u00f3s-gradua\u00e7\u00e3o em Comunica\u00e7\u00e3o da Universidade Federal do Paran\u00e1.","publisher":{"@id":"https:\/\/comunicacaoeleitoral.ufpr.br\/#organization"},"potentialAction":[{"@type":"SearchAction","target":{"@type":"EntryPoint","urlTemplate":"https:\/\/comunicacaoeleitoral.ufpr.br\/?s={search_term_string}"},"query-input":"required name=search_term_string"}],"inLanguage":"pt-BR"},{"@type":"Organization","@id":"https:\/\/comunicacaoeleitoral.ufpr.br\/#organization","name":"Comunica\u00e7\u00e3o Eleitoral","url":"https:\/\/comunicacaoeleitoral.ufpr.br\/","logo":{"@type":"ImageObject","inLanguage":"pt-BR","@id":"https:\/\/comunicacaoeleitoral.ufpr.br\/#\/schema\/logo\/image\/","url":"https:\/\/comunicacaoeleitoral.ufpr.br\/wp-content\/uploads\/2015\/05\/header2c_celtalks.png","contentUrl":"https:\/\/comunicacaoeleitoral.ufpr.br\/wp-content\/uploads\/2015\/05\/header2c_celtalks.png","width":1800,"height":674,"caption":"Comunica\u00e7\u00e3o Eleitoral"},"image":{"@id":"https:\/\/comunicacaoeleitoral.ufpr.br\/#\/schema\/logo\/image\/"},"sameAs":["https:\/\/www.facebook.com\/Comunica\u00e7\u00e3o-Eleitoral-564214587069724\/","https:\/\/www.instagram.com\/comunicacaoeleitoral\/","https:\/\/www.youtube.com\/ocanalpanke"]}]}},"_links":{"self":[{"href":"https:\/\/comunicacaoeleitoral.ufpr.br\/index.php\/wp-json\/wp\/v2\/pages\/422"}],"collection":[{"href":"https:\/\/comunicacaoeleitoral.ufpr.br\/index.php\/wp-json\/wp\/v2\/pages"}],"about":[{"href":"https:\/\/comunicacaoeleitoral.ufpr.br\/index.php\/wp-json\/wp\/v2\/types\/page"}],"author":[{"embeddable":true,"href":"https:\/\/comunicacaoeleitoral.ufpr.br\/index.php\/wp-json\/wp\/v2\/users\/1"}],"replies":[{"embeddable":true,"href":"https:\/\/comunicacaoeleitoral.ufpr.br\/index.php\/wp-json\/wp\/v2\/comments?post=422"}],"version-history":[{"count":10,"href":"https:\/\/comunicacaoeleitoral.ufpr.br\/index.php\/wp-json\/wp\/v2\/pages\/422\/revisions"}],"predecessor-version":[{"id":3882,"href":"https:\/\/comunicacaoeleitoral.ufpr.br\/index.php\/wp-json\/wp\/v2\/pages\/422\/revisions\/3882"}],"wp:attachment":[{"href":"https:\/\/comunicacaoeleitoral.ufpr.br\/index.php\/wp-json\/wp\/v2\/media?parent=422"}],"curies":[{"name":"wp","href":"https:\/\/api.w.org\/{rel}","templated":true}]}}