{"id":37,"date":"2015-05-31T21:10:25","date_gmt":"2015-05-31T21:10:25","guid":{"rendered":"https:\/\/comunicacaoeleitoral.ufpr.br\/?page_id=37"},"modified":"2019-07-16T22:57:29","modified_gmt":"2019-07-16T22:57:29","slug":"imprensa","status":"publish","type":"page","link":"https:\/\/comunicacaoeleitoral.ufpr.br\/index.php\/imprensa\/","title":{"rendered":"Imprensa"},"content":{"rendered":"<p><strong>Semin\u00e1rio discutir\u00e1 metodologias de Pesquisa em Comunica\u00e7\u00e3o Pol\u00edtica<\/strong><\/p>\n<p>O Programa de P\u00f3s-Gradua\u00e7\u00e3o em Comunica\u00e7\u00e3o da Universidade Federal do Paran\u00e1 (PPGCOM\/UFPR)\u00a0 juntamente com o\u00a0 Grupo de Pesquisa em Comunica\u00e7\u00e3o Eleitoral\u00a0 (CEL\/UFPR) e a Associa\u00e7\u00e3o Latinoamericana de Pesquisadores em Campanhas Eleitorais (Alice) realizar\u00e1 nos dias\u00a0 12 e 13 de agosto, o I Semin\u00e1rio Avan\u00e7ado de Comunica\u00e7\u00e3o Pol\u00edtica.<\/p>\n<p>O encontro ser\u00e1 realizado no Audit\u00f3rio do Campus Juvev\u00ea da UFPR, em Curitiba, e ter\u00e1 a participa\u00e7\u00e3o de um dos mais respeitados professores e pesquisadores da \u00e1rea na Am\u00e9rica Latina: o jornalista e doutor em Comunica\u00e7\u00e3o chileno Felipe Vergara Maldonado da Universidade Andr\u00e9s Belo. Al\u00e9m do pesquisador, participar\u00e3o tamb\u00e9m representantes de quatro grupos de pesquisas da UFPR. Cada pesquisador ir\u00e1 detalhar as metodologias de pesquisa em comunica\u00e7\u00e3o pol\u00edtica que s\u00e3o usadas em seus grupos.<\/p>\n<p>Para a professora da UFPR e coordenadora do Grupo de Pesquisa em Comunica\u00e7\u00e3o Eleitoral, Luciana Panke a relev\u00e2ncia da pesquisa em comunica\u00e7\u00e3o pol\u00edtica se evidencia no atual contexto mundial \u201c O evento promove o debate sobre metodologias de pesquisa e traz relatos de caso para publicizar as investiga\u00e7\u00f5es e aumentar o debate sobre o tema, t\u00e3o relevante e contempor\u00e2neo. Toda a comunidade acad\u00eamica, interessados no assunto e p\u00fablico em geral est\u00e3o convidados a participar. Ser\u00e1 um prazer receb\u00ea-los em nosso evento &#8220;, destacou.<\/p>\n<p>O semin\u00e1rio \u00e9 gratuito e o n\u00famero de vagas \u00e9 limitado. O evento \u00e9 destinado ao p\u00fablico em geral, especialmente aos estudantes, professores e pesquisadores de cursos de gradua\u00e7\u00e3o e de p\u00f3s-gradua\u00e7\u00e3o em Comunica\u00e7\u00e3o, Ci\u00eancia Pol\u00edtica e \u00e1reas afins. Os participantes receber\u00e3o certificado.\u00a0 As inscri\u00e7\u00f5es podem ser feitas at\u00e9 7 de agosto na p\u00e1gina o evento: <a href=\"https:\/\/bit.ly\/2JxQH8m\">https:\/\/bit.ly\/2JxQH8m<\/a><\/p>\n<p><strong>P<\/strong><strong>rograma\u00e7\u00e3o<\/strong><\/p>\n<p><strong>Dia 12 de agosto<br \/>\n<\/strong><strong>Hor\u00e1rio: 14h \u00e0s 18h<br \/>\n<\/strong><strong>Mesa: Metodologias de Pesquisa em Comunica\u00e7\u00e3o Pol\u00edtica e Eleitoral<\/strong><\/p>\n<p><strong>Palestrantes:<br \/>\n<\/strong>Luciana Panke &#8211; Grupo de Pesquisa em Comunica\u00e7\u00e3o Eleitoral (CEL);<\/p>\n<p>Emerson Cervi &#8211; Grupo de Pesquisa em <a href=\"http:\/\/www.cpop.ufpr.br\/\">Comunica\u00e7\u00e3o Pol\u00edtica e Opini\u00e3o P\u00fablica<\/a> (CPOP);<\/p>\n<p>Carla \u00a0Rizzotto &#8211; Grupo de Pesquisa em Comunica\u00e7\u00e3o e Participa\u00e7\u00e3o Pol\u00edtica (Compa) e Francisco Paulo Jamil Marques &#8211; Grupo de Pesquisa \u00a0em Comunica\u00e7\u00e3o, Pol\u00edtica e Tecnologia (PONTE)<\/p>\n<p><strong>Dia 13 de agosto<br \/>\nHor\u00e1rio: 14h \u00e0s 18h.<br \/>\nMesa ALICE: Participa\u00e7\u00e3o pol\u00edtico\/eleitoral da gera\u00e7\u00e3o millenialls.<\/strong><\/p>\n<p><strong>Palestrante: <\/strong>Felipe Vergara Maldonado<\/p>\n<p>Felipe Vergara Maldonado \u00e9 professor universit\u00e1rio em cursos de gradua\u00e7\u00e3o e p\u00f3s-gradua\u00e7\u00e3o. Escreveu os livros: \u201cBullying, Mobbing y Bossing, el C\u00edrculo Vicioso del Acoso\u201d, \u201cC\u00f3mo Negociar en Tiempos de Crisis\u201d, \u201cCibervotante: El Desaf\u00edo de Acercar la Urna al Electorado Chileno\u201d, \u201cLa Generaci\u00f3n Millennium y su Apat\u00eda Electoral\u201d, \u201cJuventud, Participaci\u00f3n Ciudadana y Clase Socioecon\u00f3mica\u201d. Atualmente, dedica-se \u00e0 pesquisa e assessoria nas \u00e1reas de Comunica\u00e7\u00e3o e de Marketing Estrat\u00e9gico e colunista em ve\u00edculos do Chile, da Argentina e do Peru.<\/p>\n<p>SERVI\u00c7O:<br \/>\n<strong>I Semin\u00e1rio Avan\u00e7ado de Comunica\u00e7\u00e3o Pol\u00edtica<br \/>\n<\/strong>Data: 12 e 13 de agosto<br \/>\nHor\u00e1rio: 14h \u00e0s 18h<br \/>\nLocal: Audit\u00f3rio do Campus Juvev\u00ea da UFPR<br \/>\nEndere\u00e7o: Rua Bom Jesus, 650, bairro Juvev\u00ea \u2013 Curitiba\/PR<br \/>\nInforma\u00e7\u00f5es e Incri\u00e7\u00f5es: https:\/\/bit.ly\/2JxQH8m<br \/>\nContato: <a href=\"mailto:comunicacaoeleitoralufpr@gmail.com\">comunicacaoeleitoralufpr@gmail.com<\/a>\u00a0\u00a0 e <a href=\"https:\/\/www.facebook.com\/celufpr\/\">www.facebook.com\/celufpr\/<\/a><\/p>\n","protected":false},"excerpt":{"rendered":"<p>Semin\u00e1rio discutir\u00e1 metodologias de Pesquisa em Comunica\u00e7\u00e3o Pol\u00edtica O Programa de P\u00f3s-Gradua\u00e7\u00e3o em Comunica\u00e7\u00e3o da Universidade Federal do Paran\u00e1 (PPGCOM\/UFPR)\u00a0 juntamente com o\u00a0 Grupo de Pesquisa em Comunica\u00e7\u00e3o Eleitoral\u00a0 (CEL\/UFPR) e a Associa\u00e7\u00e3o Latinoamericana de Pesquisadores em Campanhas Eleitorais (Alice) realizar\u00e1 nos dias\u00a0 12 e 13 de agosto, o I Semin\u00e1rio Avan\u00e7ado de Comunica\u00e7\u00e3o Pol\u00edtica. [&hellip;]<\/p>\n","protected":false},"author":1,"featured_media":0,"parent":0,"menu_order":0,"comment_status":"closed","ping_status":"closed","template":"","meta":{"_monsterinsights_skip_tracking":false,"_monsterinsights_sitenote_active":false,"_monsterinsights_sitenote_note":"","_monsterinsights_sitenote_category":0,"footnotes":""},"yoast_head":"<!-- This site is optimized with the Yoast SEO plugin v22.2 - https:\/\/yoast.com\/wordpress\/plugins\/seo\/ -->\n<title>Imprensa - Comunica\u00e7\u00e3o Eleitoral<\/title>\n<meta name=\"description\" content=\"Grupo de pesquisa ligado \u00e0 linha de Comunica\u00e7\u00e3o, Pol\u00edtica e Atores Coletivos do Programa de P\u00f3s-gradua\u00e7\u00e3o em Comunica\u00e7\u00e3o da Universidade Federal do Paran\u00e1 (UFPR)\" \/>\n<meta name=\"robots\" content=\"index, follow, max-snippet:-1, max-image-preview:large, max-video-preview:-1\" \/>\n<link rel=\"canonical\" href=\"https:\/\/comunicacaoeleitoral.ufpr.br\/index.php\/imprensa\/\" \/>\n<meta property=\"og:locale\" content=\"pt_BR\" \/>\n<meta property=\"og:type\" content=\"article\" \/>\n<meta property=\"og:title\" content=\"Imprensa - Comunica\u00e7\u00e3o Eleitoral\" \/>\n<meta property=\"og:description\" content=\"Grupo de pesquisa ligado \u00e0 linha de Comunica\u00e7\u00e3o, Pol\u00edtica e Atores Coletivos do Programa de P\u00f3s-gradua\u00e7\u00e3o em Comunica\u00e7\u00e3o da Universidade Federal do Paran\u00e1 (UFPR)\" \/>\n<meta property=\"og:url\" content=\"https:\/\/comunicacaoeleitoral.ufpr.br\/index.php\/imprensa\/\" \/>\n<meta property=\"og:site_name\" content=\"Comunica\u00e7\u00e3o Eleitoral\" \/>\n<meta property=\"article:publisher\" content=\"https:\/\/www.facebook.com\/Comunica%c3%a7%c3%a3o-Eleitoral-564214587069724\/\" \/>\n<meta property=\"article:modified_time\" content=\"2019-07-16T22:57:29+00:00\" \/>\n<meta name=\"twitter:card\" content=\"summary_large_image\" \/>\n<meta name=\"twitter:label1\" content=\"Est. tempo de leitura\" \/>\n\t<meta name=\"twitter:data1\" content=\"3 minutos\" \/>\n<script type=\"application\/ld+json\" class=\"yoast-schema-graph\">{\"@context\":\"https:\/\/schema.org\",\"@graph\":[{\"@type\":\"WebPage\",\"@id\":\"https:\/\/comunicacaoeleitoral.ufpr.br\/index.php\/imprensa\/\",\"url\":\"https:\/\/comunicacaoeleitoral.ufpr.br\/index.php\/imprensa\/\",\"name\":\"Imprensa - Comunica\u00e7\u00e3o Eleitoral\",\"isPartOf\":{\"@id\":\"https:\/\/comunicacaoeleitoral.ufpr.br\/#website\"},\"datePublished\":\"2015-05-31T21:10:25+00:00\",\"dateModified\":\"2019-07-16T22:57:29+00:00\",\"description\":\"Grupo de pesquisa ligado \u00e0 linha de Comunica\u00e7\u00e3o, Pol\u00edtica e Atores Coletivos do Programa de P\u00f3s-gradua\u00e7\u00e3o em Comunica\u00e7\u00e3o da Universidade Federal do Paran\u00e1 (UFPR)\",\"breadcrumb\":{\"@id\":\"https:\/\/comunicacaoeleitoral.ufpr.br\/index.php\/imprensa\/#breadcrumb\"},\"inLanguage\":\"pt-BR\",\"potentialAction\":[{\"@type\":\"ReadAction\",\"target\":[\"https:\/\/comunicacaoeleitoral.ufpr.br\/index.php\/imprensa\/\"]}]},{\"@type\":\"BreadcrumbList\",\"@id\":\"https:\/\/comunicacaoeleitoral.ufpr.br\/index.php\/imprensa\/#breadcrumb\",\"itemListElement\":[{\"@type\":\"ListItem\",\"position\":1,\"name\":\"In\u00edcio\",\"item\":\"https:\/\/comunicacaoeleitoral.ufpr.br\/\"},{\"@type\":\"ListItem\",\"position\":2,\"name\":\"Imprensa\"}]},{\"@type\":\"WebSite\",\"@id\":\"https:\/\/comunicacaoeleitoral.ufpr.br\/#website\",\"url\":\"https:\/\/comunicacaoeleitoral.ufpr.br\/\",\"name\":\"Comunica\u00e7\u00e3o Eleitoral\",\"description\":\"Grupo de pesquisa ligado \u00e0 linha de Comunica\u00e7\u00e3o e Pol\u00edtica do Programa de P\u00f3s-gradua\u00e7\u00e3o em Comunica\u00e7\u00e3o da Universidade Federal do Paran\u00e1.\",\"publisher\":{\"@id\":\"https:\/\/comunicacaoeleitoral.ufpr.br\/#organization\"},\"potentialAction\":[{\"@type\":\"SearchAction\",\"target\":{\"@type\":\"EntryPoint\",\"urlTemplate\":\"https:\/\/comunicacaoeleitoral.ufpr.br\/?s={search_term_string}\"},\"query-input\":\"required name=search_term_string\"}],\"inLanguage\":\"pt-BR\"},{\"@type\":\"Organization\",\"@id\":\"https:\/\/comunicacaoeleitoral.ufpr.br\/#organization\",\"name\":\"Comunica\u00e7\u00e3o Eleitoral\",\"url\":\"https:\/\/comunicacaoeleitoral.ufpr.br\/\",\"logo\":{\"@type\":\"ImageObject\",\"inLanguage\":\"pt-BR\",\"@id\":\"https:\/\/comunicacaoeleitoral.ufpr.br\/#\/schema\/logo\/image\/\",\"url\":\"https:\/\/comunicacaoeleitoral.ufpr.br\/wp-content\/uploads\/2015\/05\/header2c_celtalks.png\",\"contentUrl\":\"https:\/\/comunicacaoeleitoral.ufpr.br\/wp-content\/uploads\/2015\/05\/header2c_celtalks.png\",\"width\":1800,\"height\":674,\"caption\":\"Comunica\u00e7\u00e3o Eleitoral\"},\"image\":{\"@id\":\"https:\/\/comunicacaoeleitoral.ufpr.br\/#\/schema\/logo\/image\/\"},\"sameAs\":[\"https:\/\/www.facebook.com\/Comunica\u00e7\u00e3o-Eleitoral-564214587069724\/\",\"https:\/\/www.instagram.com\/comunicacaoeleitoral\/\",\"https:\/\/www.youtube.com\/ocanalpanke\"]}]}<\/script>\n<!-- \/ Yoast SEO plugin. -->","yoast_head_json":{"title":"Imprensa - Comunica\u00e7\u00e3o Eleitoral","description":"Grupo de pesquisa ligado \u00e0 linha de Comunica\u00e7\u00e3o, Pol\u00edtica e Atores Coletivos do Programa de P\u00f3s-gradua\u00e7\u00e3o em Comunica\u00e7\u00e3o da Universidade Federal do Paran\u00e1 (UFPR)","robots":{"index":"index","follow":"follow","max-snippet":"max-snippet:-1","max-image-preview":"max-image-preview:large","max-video-preview":"max-video-preview:-1"},"canonical":"https:\/\/comunicacaoeleitoral.ufpr.br\/index.php\/imprensa\/","og_locale":"pt_BR","og_type":"article","og_title":"Imprensa - Comunica\u00e7\u00e3o Eleitoral","og_description":"Grupo de pesquisa ligado \u00e0 linha de Comunica\u00e7\u00e3o, Pol\u00edtica e Atores Coletivos do Programa de P\u00f3s-gradua\u00e7\u00e3o em Comunica\u00e7\u00e3o da Universidade Federal do Paran\u00e1 (UFPR)","og_url":"https:\/\/comunicacaoeleitoral.ufpr.br\/index.php\/imprensa\/","og_site_name":"Comunica\u00e7\u00e3o Eleitoral","article_publisher":"https:\/\/www.facebook.com\/Comunica%c3%a7%c3%a3o-Eleitoral-564214587069724\/","article_modified_time":"2019-07-16T22:57:29+00:00","twitter_card":"summary_large_image","twitter_misc":{"Est. tempo de leitura":"3 minutos"},"schema":{"@context":"https:\/\/schema.org","@graph":[{"@type":"WebPage","@id":"https:\/\/comunicacaoeleitoral.ufpr.br\/index.php\/imprensa\/","url":"https:\/\/comunicacaoeleitoral.ufpr.br\/index.php\/imprensa\/","name":"Imprensa - Comunica\u00e7\u00e3o Eleitoral","isPartOf":{"@id":"https:\/\/comunicacaoeleitoral.ufpr.br\/#website"},"datePublished":"2015-05-31T21:10:25+00:00","dateModified":"2019-07-16T22:57:29+00:00","description":"Grupo de pesquisa ligado \u00e0 linha de Comunica\u00e7\u00e3o, Pol\u00edtica e Atores Coletivos do Programa de P\u00f3s-gradua\u00e7\u00e3o em Comunica\u00e7\u00e3o da Universidade Federal do Paran\u00e1 (UFPR)","breadcrumb":{"@id":"https:\/\/comunicacaoeleitoral.ufpr.br\/index.php\/imprensa\/#breadcrumb"},"inLanguage":"pt-BR","potentialAction":[{"@type":"ReadAction","target":["https:\/\/comunicacaoeleitoral.ufpr.br\/index.php\/imprensa\/"]}]},{"@type":"BreadcrumbList","@id":"https:\/\/comunicacaoeleitoral.ufpr.br\/index.php\/imprensa\/#breadcrumb","itemListElement":[{"@type":"ListItem","position":1,"name":"In\u00edcio","item":"https:\/\/comunicacaoeleitoral.ufpr.br\/"},{"@type":"ListItem","position":2,"name":"Imprensa"}]},{"@type":"WebSite","@id":"https:\/\/comunicacaoeleitoral.ufpr.br\/#website","url":"https:\/\/comunicacaoeleitoral.ufpr.br\/","name":"Comunica\u00e7\u00e3o Eleitoral","description":"Grupo de pesquisa ligado \u00e0 linha de Comunica\u00e7\u00e3o e Pol\u00edtica do Programa de P\u00f3s-gradua\u00e7\u00e3o em Comunica\u00e7\u00e3o da Universidade Federal do Paran\u00e1.","publisher":{"@id":"https:\/\/comunicacaoeleitoral.ufpr.br\/#organization"},"potentialAction":[{"@type":"SearchAction","target":{"@type":"EntryPoint","urlTemplate":"https:\/\/comunicacaoeleitoral.ufpr.br\/?s={search_term_string}"},"query-input":"required name=search_term_string"}],"inLanguage":"pt-BR"},{"@type":"Organization","@id":"https:\/\/comunicacaoeleitoral.ufpr.br\/#organization","name":"Comunica\u00e7\u00e3o Eleitoral","url":"https:\/\/comunicacaoeleitoral.ufpr.br\/","logo":{"@type":"ImageObject","inLanguage":"pt-BR","@id":"https:\/\/comunicacaoeleitoral.ufpr.br\/#\/schema\/logo\/image\/","url":"https:\/\/comunicacaoeleitoral.ufpr.br\/wp-content\/uploads\/2015\/05\/header2c_celtalks.png","contentUrl":"https:\/\/comunicacaoeleitoral.ufpr.br\/wp-content\/uploads\/2015\/05\/header2c_celtalks.png","width":1800,"height":674,"caption":"Comunica\u00e7\u00e3o Eleitoral"},"image":{"@id":"https:\/\/comunicacaoeleitoral.ufpr.br\/#\/schema\/logo\/image\/"},"sameAs":["https:\/\/www.facebook.com\/Comunica\u00e7\u00e3o-Eleitoral-564214587069724\/","https:\/\/www.instagram.com\/comunicacaoeleitoral\/","https:\/\/www.youtube.com\/ocanalpanke"]}]}},"_links":{"self":[{"href":"https:\/\/comunicacaoeleitoral.ufpr.br\/index.php\/wp-json\/wp\/v2\/pages\/37"}],"collection":[{"href":"https:\/\/comunicacaoeleitoral.ufpr.br\/index.php\/wp-json\/wp\/v2\/pages"}],"about":[{"href":"https:\/\/comunicacaoeleitoral.ufpr.br\/index.php\/wp-json\/wp\/v2\/types\/page"}],"author":[{"embeddable":true,"href":"https:\/\/comunicacaoeleitoral.ufpr.br\/index.php\/wp-json\/wp\/v2\/users\/1"}],"replies":[{"embeddable":true,"href":"https:\/\/comunicacaoeleitoral.ufpr.br\/index.php\/wp-json\/wp\/v2\/comments?post=37"}],"version-history":[{"count":4,"href":"https:\/\/comunicacaoeleitoral.ufpr.br\/index.php\/wp-json\/wp\/v2\/pages\/37\/revisions"}],"predecessor-version":[{"id":2591,"href":"https:\/\/comunicacaoeleitoral.ufpr.br\/index.php\/wp-json\/wp\/v2\/pages\/37\/revisions\/2591"}],"wp:attachment":[{"href":"https:\/\/comunicacaoeleitoral.ufpr.br\/index.php\/wp-json\/wp\/v2\/media?parent=37"}],"curies":[{"name":"wp","href":"https:\/\/api.w.org\/{rel}","templated":true}]}}