{"id":31,"date":"2015-05-31T21:09:46","date_gmt":"2015-05-31T21:09:46","guid":{"rendered":"https:\/\/comunicacaoeleitoral.ufpr.br\/?page_id=31"},"modified":"2021-05-24T20:13:51","modified_gmt":"2021-05-24T20:13:51","slug":"comunicacao-governamental","status":"publish","type":"page","link":"https:\/\/comunicacaoeleitoral.ufpr.br\/index.php\/comunicacao-governamental\/","title":{"rendered":"Comunica\u00e7\u00e3o Governamental"},"content":{"rendered":"<p style=\"text-align: justify;\">A comunica\u00e7\u00e3o governamental visa promover o contato entre os governantes e a popula\u00e7\u00e3o. Tem como principal caracter\u00edstica a publiciza\u00e7\u00e3o de realiza\u00e7\u00f5es implementadas pela gest\u00e3o eleita.<\/p>\n<p style=\"text-align: justify;\">Sendo assim, \u00e9 uma forma de comunica\u00e7\u00e3o que transcende partidos e deve se notabilizar por seu car\u00e1ter informativo, ao mesmo tempo em que corrobora na constru\u00e7\u00e3o da identidade de marca do governo estabelecido em seu per\u00edodo de gest\u00e3o, o que infere uma comunica\u00e7\u00e3o de perman\u00eancia duradoura, mas determinada exatamente pelo per\u00edodo do mandato.<\/p>\n<p style=\"text-align: justify;\">O CEL estuda as vari\u00e1veis que comp\u00f5em a comunica\u00e7\u00e3o governamental, componente do marketing governamental, enquanto parte significativa do planejamento de marketing, e desenvolve an\u00e1lises de cen\u00e1rios, discursos, propostas e a\u00e7\u00f5es que redundam na difus\u00e3o da comunica\u00e7\u00e3o junto aos variados p\u00fablicos de interesse da administra\u00e7\u00e3o governamental.<\/p>\n<h2><strong>Publica\u00e7\u00f5es:<\/strong><\/h2>\n<p>&#8211;\u00a0<a href=\"https:\/\/www12.senado.leg.br\/ril\/edicoes\/57\/226\/ril_v57_n226_p29\">O debate sobre as elei\u00e7\u00f5es municipais de 2020 no Brasil e a pandemia da Covid-19<\/a>. Ana Claudia Santano. Artigo publicado na Revista de Informa\u00e7\u00e3o Legislativa. (v. 57, p. 29-48). 2020.<\/p>\n<p>&#8211;\u00a0<a href=\"http:\/\/seer.pucgoias.edu.br\/index.php\/panorama\/article\/view\/8297\/4687\">A disputa pelo poder pol\u00edtico em meio \u00e0 pandemia de COVID-19: an\u00e1lise do confronto entre Jo\u00e3o Doria e Jair Bolsonaro<\/a>. Mateus da Cunha Santos e Maria Ivete Trevisan Foss\u00e1. Artigo publicado na revista Panorama. (v. 10, p. 8-13). 2020.<\/p>\n<p>&#8211;<span style=\"color: #000000;\"><strong><a style=\"color: #000000;\" href=\"https:\/\/www.scielo.br\/scielo.php?script=sci_abstract&amp;pid=S1809-58442020000200053&amp;lng=pt&amp;nrm=iso&amp;tlng=pt\" target=\"_blank\">Discursos diplom\u00e1ticos: objeto de pesquisa da Comunica\u00e7\u00e3o Pol\u00edtica<\/a><\/strong><\/span>?\u00a0Luciana Panke e Pedro Chapaval Pimentel. Intercom: Revista Brasileira de Ci\u00eancias da Comunica\u00e7\u00e3o.\u00a02020, vol.43, n.2, p.53-71<\/p>\n<p>&#8211;\u00a0<a href=\"https:\/\/sistemas.uft.edu.br\/periodicos\/index.php\/observatorio\/article\/view\/5975\/15117\"><strong>Comunica\u00e7\u00e3o Pol\u00edtica Internacional em Tempos Incertos: o impeachment de Dilma Rousseff nos discursos brasileiros nas Na\u00e7\u00f5es Unidas<\/strong><\/a>. Luciana Panke e Pedro Chapaval Pimentel. Revista Observat\u00f3rio, v. 5, n 2, 2019<\/p>\n<p>&#8211; <span style=\"color: #000000;\"><strong><a style=\"color: #000000;\" href=\"https:\/\/comunicacaoeleitoral.ufpr.br\/wp-content\/uploads\/2015\/05\/Alaic2018.pdf\">Marca-Pa\u00eds: o caso brasileiro (1990-2018)<\/a><\/strong><\/span>. Pedro Chapaval Pimentel e Luciana Panke. Trabalho apresentado no <em>XIV Congreso de la Asociaci\u00f3n Latinoamericana de investigadores de la comunicaci\u00f3n<\/em>. Costa Rica, 2018.<\/p>\n<p>&#8211; <a href=\"https:\/\/comunicacaoeleitoral.ufpr.br\/wp-content\/uploads\/2015\/05\/meu_anais_2017B.pdf\"><strong>Os Discursos Diplom\u00e1ticos e a Imagem P\u00fablica do Brasil na Assembleia Geral das Na\u00e7\u00f5es Unidas (2003-2015)<\/strong>.<\/a>\u00a0Pedro Chapaval Pimentel e Luciana Panke.\u00a0 Cap\u00edtulo de Livro, 2017.<\/p>\n<p>&#8211;<span style=\"color: #000000;\"> <strong><a style=\"color: #000000;\" href=\"https:\/\/comunicacaoeleitoral.ufpr.br\/wp-content\/uploads\/2015\/05\/441-1622-2-PB.pdf\">Impeachment e Imagem P\u00fablica: uma an\u00e1lise do discurso vazado de Michel Temer<\/a><\/strong>.\u00a0<\/span>Bruno Washignton Nichols e Pedro Chapaval Pimentel. <em>Revista Internacional de Relaciones P\u00fablicas<\/em>, N13 Volume VII, 2017.<\/p>\n<p>&#8211;\u00a0<span style=\"color: #000000;\"><strong><a style=\"color: #000000;\" href=\"https:\/\/www.academia.edu\/35529510\/Agendamento_e_delibera\u00e7\u00e3o_o_Pontal_do_Estaleiro_Porto_Alegre_2011_\">Agendamento e delibera\u00e7\u00e3o: o Pontal do Estaleiro (Porto Alegre, 2011)<\/a><\/strong><\/span>. Josemari Poerschke de Quevedo. Cap\u00edtulo de livro, 2017.<\/p>\n<p>\u2013 <a href=\"https:\/\/comunicacaoeleitoral.ufpr.br\/wp-content\/uploads\/2015\/05\/ELA_Vol.-4-No.-2_2.pdf\"><strong>Dilma Rousseff na Assembleia Geral das Na\u00e7\u00f5es Unidas: An\u00e1lise dos Discursos de 2011 e 2015<\/strong>.<\/a>\u00a0Pedro Chapaval Pimentel e Luciana Panke. Encuentro Latinoamericano (ELA), v 4, n 2, 2017.<\/p>\n<p>&#8211; <span style=\"color: #000000;\"><strong><a style=\"color: #000000;\" href=\"https:\/\/comunicacaoeleitoral.ufpr.br\/wp-content\/uploads\/2015\/05\/PIMENTELNICHOLSQUEVEDO_DOVAZAMENTODEUMDISCURSO\u00c0POSSEDOGOVERNOINTERINO.pdf\">Do vazamento de um discurso \u00e0 posse do Governo Interino: o marketing pol\u00edtico de Michel Temer<\/a><\/strong><\/span>. Pedro Chapaval Pimentel, Bruno Washington Nichols e\u00a0Josemari Poerschke de Quevedo. Congresso da Associa\u00e7\u00e3o Brasileira de Pesquisadores em Comunica\u00e7\u00e3o Pol\u00edtica &#8211; Compol\u00edtica, 2017.<\/p>\n<p>&#8211;\u00a0<strong><a href=\"http:\/\/www.portalintercom.org.br\/anais\/sul2016\/resumos\/R50-1672-1.pdf\" target=\"_blank\"><span style=\"color: #000000;\">Dilma Rousseff na Assembleia Geral das Na\u00e7\u00f5es Unidas: An\u00e1lise dos Discursos de 2011 e 2015<\/span>.<\/a>\u00a0<\/strong>Pedro Chapaval Pimentel e Luciana Panke. Trabalho apresentado no Intercom Sul, 2016, Curitiba.<\/p>\n<p>&#8211;\u00a0<span style=\"color: #000000;\"><strong><a style=\"color: #000000;\" href=\"http:\/\/www.inscricoes.fmb.unesp.br\/upload\/trabalhos\/2016523115710.pdf\" target=\"_blank\">Estado Isl\u00e2mico e a Espetaculariza\u00e7\u00e3o do Terrorismo<\/a><\/strong><\/span>. Pedro Chapaval Pimentel. Trabalho apresentado no Encontro de Pesquisa em Rela\u00e7\u00f5es Internacionais, 2016, Mar\u00edlia.<\/p>\n<p>&#8211; <span style=\"color: #000000;\"><strong><a style=\"color: #000000;\" href=\"https:\/\/periodicos.utfpr.edu.br\/rts\/article\/view\/3206\">A pol\u00edtica de vacina\u00e7\u00e3o contra o HPV no Brasil: a comunica\u00e7\u00e3o p\u00fablica oficial e midi\u00e1tica face \u00e0 emerg\u00eancia de controv\u00e9rsias<\/a><\/strong><\/span>. Josemari Poerschke de Quevedo, Myrrena In\u00e1cio, Adriana Moro Wieczorkievicz e Noela Invernizzi, 2016<\/p>\n<p><a href=\"https:\/\/comunicacaoeleitoral.ufpr.br\/publicacoes\/841-s2493-2-PB.pdf\">&#8211; <strong>O Acontecimento Jango: Exuma\u00e7\u00e3o e Mem\u00f3ria na Simultaneidade do Jornalismo<\/strong><\/a> &#8211; Josemari Poerschke Quevedo e Marja Pfeifer Coelho, 2016.<\/p>\n<p>&#8211; <a href=\"http:\/\/siaiap32.univali.br\/seer\/index.php\/vd\/article\/view\/7976\/4806\"><strong>Da TV aberta para a segunda tela: pronunciamentos de Dilma no segundo mandato<\/strong>.<\/a> Luiz Ademir, Alexandre da Costa, Aline Pereira, 2015.<\/p>\n<p>&#8211; <strong><a href=\"http:\/\/www.unigran.br\/mercado\/paginas\/arquivos\/edicoes\/11\/5.pdf\">Comunica\u00e7\u00e3o governamental: mudan\u00e7a de estrat\u00e9gia nos pronunciamentos de Dilma Rousseff (PT) em 2015 <\/a><\/strong>&#8211; Alexandre Augusto da Costa, Aline Andrade Pereira e Luiz Ademir de Oliveira, 2015.<\/p>\n<p>&#8211;\u00a0<strong><a href=\"http:\/\/www.assibercom.org\/congressoibercom2015\/XIV_CONGRESSO_IBERCOM_Programacao_Final.pdf\">Publicidade, Propaganda e Pol\u00edtica<\/a><\/strong><span style=\"color: #000000;\">\u00a0&#8211; Ary Azevedo. Apresentado durante o\u00a0XIV Congresso Ibero-americano de Comunica\u00e7\u00e3o \u2013 IBERCOM 2015.\u00a0<\/span><\/p>\n<p><span style=\"color: #000000;\">&#8211;<\/span><strong><a href=\"http:\/\/www.enpecom.ufpr.br\/arquivos-2015\/ANAIS_VII_ENPECOM.pdf\">A nova revolta da vacina? Uma an\u00e1lise sobre os coment\u00e1rios no Facebook do Minist\u00e9rio da Sa\u00fade durante a campanha de vacina\u00e7\u00e3o do HPV<\/a><\/strong>. &#8211; Josemari Poerschke de Quevedo e Myrrena In\u00e1cio. Trabalho apresentado ao Grupo de Trabalho &#8220;Comunica\u00e7\u00e3o e Pol\u00edtica&#8221;, do VII Encontro de Pesquisa em Comunica\u00e7\u00e3o &#8211; Enpecom (p\u00e1gina 1117 a 1135), 2015.<\/p>\n<p>&#8211;\u00a0<strong><a href=\"https:\/\/www.metodista.br\/revistas\/revistas-ims\/index.php\/AUM\/article\/view\/5511\">As rupturas nos fluxos de comunica\u00e7\u00e3o pol\u00edtica entre a opini\u00e3o p\u00fablica e as inst\u00e2ncias pol\u00edticas<\/a><\/strong> &#8211; S\u00e9rgio Trein (Unisinos). Trabalho\u00a0publicado\u00a0no\u00a0Anu\u00e1rio Unesco\/Metodista de Comunica\u00e7\u00e3o Regional, Vol. 17, No 17 (2013).<\/p>\n<p>&#8211;\u00a0<strong><a href=\"http:\/\/www.compos.org.br\/biblioteca\/compos-2015-7e1930dc-fca2-40ac-8445-3d711647baf2_completo_2786.pdf\">Da continuidade de Lula em 2011 ao &#8220;novo governo&#8221; reeleito em 2015: as principais caracter\u00edsticasdos discursos de posse de Dilma Rousseff ao Congresso Nacional<\/a><\/strong>. Emerson Urizzi Cervi e Lucas Gandin. Trabalho apresentado ao GT de Comunica\u00e7\u00e3o e Pol\u00edtica do\u00a024\u00ba Encontro Nacional da Comp\u00f3s &#8211; Associa\u00e7\u00e3o Nacional dos Programas de P\u00f3s-Gradua\u00e7\u00e3o em Comunica\u00e7\u00e3o, 2015, Bras\u00edlia.<\/p>\n<p>&#8211; <strong><a href=\"https:\/\/issuu.com\/jefersonthauny\/docs\/enpecom_-_thauny?e=8359246\/34592678\">Atua\u00e7\u00e3o da internet na sociedade, pol\u00edtica, e exerc\u00edcio da democracia representativa<\/a> <\/strong>&#8211; Jeferson Thauny, 2012, Enpecom.<\/p>\n<p>&#8211;\u00a0<strong><a href=\"http:\/\/www.google.com.br\/url?sa=t&amp;rct=j&amp;q=&amp;esrc=s&amp;source=web&amp;cd=11&amp;cad=rja&amp;uact=8&amp;ved=0CBsQFjAAOApqFQoTCNHq7NTIxcgCFcMckAodh_sIBg&amp;url=http%3A%2F%2Fwww.revistas.usp.br%2Fsignosdoconsumo%2Farticle%2Fdownload%2F49999%2F54131&amp;usg=AFQjCNGjELt3zeFP7GiHx4y9eNtlkfvo0Q\">O paradoxo dos gimmicks na pol\u00edtica: por que humanizar quem j\u00e1 \u00e9 humano?<\/a><\/strong> &#8211; S\u00e9rgio Trein (Unisinos). Trabalho\u00a0publicado na\u00a0Revista Signos\u00a0do consumo \u2013 V.3, N.1, (2011).<\/p>\n<p>&#8211;\u00a0<strong><a href=\"http:\/\/www2.unicentro.br\/editora\/files\/2012\/11\/luciana.pdf\">Lula, do sindicalismo \u00e0 reelei\u00e7\u00e3o: um caso de\u00a0comunica\u00e7\u00e3o, pol\u00edtica e discurso<\/a><\/strong> &#8211; Luciana Panke. Guarapuava: Unicentro; S\u00e3o Paulo: Horizonte, 2010.<\/p>\n<p>&#8211; <strong><a href=\"https:\/\/www.academia.edu\/37135032\/Lula_do_sindicalismo_%C3%A0_reelei%C3%A7%C3%A3o_um_caso_de_comunica%C3%A7%C3%A3o_pol%C3%ADtica_e_discurso_2ed_pdf\" target=\"_blank\">Lula, do sindicalismo \u00e0 reelei\u00e7\u00e3o: um caso de comunica\u00e7\u00e3o, pol\u00edtica e discurso (2\u00aa edi\u00e7\u00e3o)<\/a><\/strong>\u00a0&#8211; Luciana Panke. Capivari, SP: Nova Consci\u00eancia, 2014.<\/p>\n<p>&#8211;\u00a0<strong><a href=\"https:\/\/blogempublico.files.wordpress.com\/2016\/03\/2010_livro_opiniaopublicacomportamentoeleitoral_introducao.pdf\">Opini\u00e3o P\u00fablica e Comportamento Pol\u00edtico<\/a><\/strong> &#8211;\u00a0Emerson UrizziCervi. Curitiba: Editora Ibpex, 2010.<\/p>\n<p>&#8211; <strong><a href=\"https:\/\/blogempublico.files.wordpress.com\/2016\/03\/2010_livro_didaticoformulacaopoliticaspublicas.pdf\">Formula\u00e7\u00e3o e Avalia\u00e7\u00e3o de Pol\u00edticas P\u00fablicas<\/a><\/strong> &#8211; Emerson UrizziCervi,\u00a0Lenir Aparecida Mainardes da Silva, Liza Holzzman e Solange Moraes Barros . Ponta Grossa: EdUEPG, 2010.<\/p>\n<p style=\"text-align: justify;\">\u2013\u00a0<strong><a href=\"http:\/\/tede.pucrs.br\/tde_busca\/arquivo.php?codArquivo=3064\">T\u00e3o perto e de mim distante: a comunica\u00e7\u00e3o pol\u00edtica da prefeitura municipal de Porto Alegre atrav\u00e9s das placas de obras<\/a><\/strong>\u00a0&#8211; S\u00e9rgio Trein (Unisinos). Tese de doutorado defendida dentro do\u00a0Programa de P\u00f3s-gradua\u00e7\u00e3o\u00a0da Faculdade dos Meios de\u00a0Comunica\u00e7\u00e3o Social da Pontif\u00edcia Universidade\u00a0Cat\u00f3lica do Rio Grande do Sul (PUCRS).<\/p>\n<p style=\"text-align: justify;\">&#8211; <strong><a href=\"http:\/\/www.lume.ufrgs.br\/handle\/10183\/24653\">Comunica\u00e7\u00e3o e debate p\u00fablico: o caso Pontal do Estaleiro em Porto Alegre. <\/a><\/strong>Josemari Poerschke de Quevedo. Disserta\u00e7\u00e3o de mestrado &#8211; Programa de P\u00f3s-Gradua\u00e7\u00e3o em Comunica\u00e7\u00e3o e Informa\u00e7\u00e3o da UFRGS (2010).<\/p>\n<p style=\"text-align: justify;\">&#8211; <strong><a href=\"http:\/\/compos.com.puc-rio.br\/media\/gt3_josemari_poerschke_de_quevedo_maria_helena_weber.pdf\">Limites da Accountability e da Comunica\u00e7\u00e3o P\u00fablica: C\u00e2mara e Prefeitura Municipal de Porto Alegre no debate p\u00fablico sobre o Pontal do Estaleiro<\/a><\/strong> &#8211;\u00a0Josemari Poerschke de Quevedo e Maria Helena Weber.\u00a0Trabalho apresentado ao Grupo de Trabalho \u201cComunica\u00e7\u00e3o e Pol\u00edtica\u201d, do XIX Encontro da Comp\u00f3s (2010).<\/p>\n<p style=\"text-align: justify;\"><span style=\"color: #000000;\">\u00a0<\/span><\/p>\n<p style=\"text-align: justify;\">\n","protected":false},"excerpt":{"rendered":"<p>A comunica\u00e7\u00e3o governamental visa promover o contato entre os governantes e a popula\u00e7\u00e3o. Tem como principal caracter\u00edstica a publiciza\u00e7\u00e3o de realiza\u00e7\u00f5es implementadas pela gest\u00e3o eleita. Sendo assim, \u00e9 uma forma de comunica\u00e7\u00e3o que transcende partidos e deve se notabilizar por seu car\u00e1ter informativo, ao mesmo tempo em que corrobora na constru\u00e7\u00e3o da identidade de marca [&hellip;]<\/p>\n","protected":false},"author":1,"featured_media":0,"parent":0,"menu_order":0,"comment_status":"closed","ping_status":"closed","template":"","meta":{"_monsterinsights_skip_tracking":false,"_monsterinsights_sitenote_active":false,"_monsterinsights_sitenote_note":"","_monsterinsights_sitenote_category":0,"footnotes":""},"yoast_head":"<!-- This site is optimized with the Yoast SEO plugin v22.2 - https:\/\/yoast.com\/wordpress\/plugins\/seo\/ -->\n<title>Comunica\u00e7\u00e3o Governamental - Comunica\u00e7\u00e3o Eleitoral<\/title>\n<meta name=\"description\" content=\"Grupo de pesquisa ligado \u00e0 linha de Comunica\u00e7\u00e3o, Pol\u00edtica e Atores Coletivos do Programa de P\u00f3s-gradua\u00e7\u00e3o em Comunica\u00e7\u00e3o da Universidade Federal do Paran\u00e1 (UFPR)\" \/>\n<meta name=\"robots\" content=\"index, follow, max-snippet:-1, max-image-preview:large, max-video-preview:-1\" \/>\n<link rel=\"canonical\" href=\"https:\/\/comunicacaoeleitoral.ufpr.br\/index.php\/comunicacao-governamental\/\" \/>\n<meta property=\"og:locale\" content=\"pt_BR\" \/>\n<meta property=\"og:type\" content=\"article\" \/>\n<meta property=\"og:title\" content=\"Comunica\u00e7\u00e3o Governamental - Comunica\u00e7\u00e3o Eleitoral\" \/>\n<meta property=\"og:description\" content=\"Grupo de pesquisa ligado \u00e0 linha de Comunica\u00e7\u00e3o, Pol\u00edtica e Atores Coletivos do Programa de P\u00f3s-gradua\u00e7\u00e3o em Comunica\u00e7\u00e3o da Universidade Federal do Paran\u00e1 (UFPR)\" \/>\n<meta property=\"og:url\" content=\"https:\/\/comunicacaoeleitoral.ufpr.br\/index.php\/comunicacao-governamental\/\" \/>\n<meta property=\"og:site_name\" content=\"Comunica\u00e7\u00e3o Eleitoral\" \/>\n<meta property=\"article:publisher\" content=\"https:\/\/www.facebook.com\/Comunica%c3%a7%c3%a3o-Eleitoral-564214587069724\/\" \/>\n<meta property=\"article:modified_time\" content=\"2021-05-24T20:13:51+00:00\" \/>\n<meta name=\"twitter:card\" content=\"summary_large_image\" \/>\n<meta name=\"twitter:label1\" content=\"Est. tempo de leitura\" \/>\n\t<meta name=\"twitter:data1\" content=\"5 minutos\" \/>\n<script type=\"application\/ld+json\" class=\"yoast-schema-graph\">{\"@context\":\"https:\/\/schema.org\",\"@graph\":[{\"@type\":\"WebPage\",\"@id\":\"https:\/\/comunicacaoeleitoral.ufpr.br\/index.php\/comunicacao-governamental\/\",\"url\":\"https:\/\/comunicacaoeleitoral.ufpr.br\/index.php\/comunicacao-governamental\/\",\"name\":\"Comunica\u00e7\u00e3o Governamental - Comunica\u00e7\u00e3o Eleitoral\",\"isPartOf\":{\"@id\":\"https:\/\/comunicacaoeleitoral.ufpr.br\/#website\"},\"datePublished\":\"2015-05-31T21:09:46+00:00\",\"dateModified\":\"2021-05-24T20:13:51+00:00\",\"description\":\"Grupo de pesquisa ligado \u00e0 linha de Comunica\u00e7\u00e3o, Pol\u00edtica e Atores Coletivos do Programa de P\u00f3s-gradua\u00e7\u00e3o em Comunica\u00e7\u00e3o da Universidade Federal do Paran\u00e1 (UFPR)\",\"breadcrumb\":{\"@id\":\"https:\/\/comunicacaoeleitoral.ufpr.br\/index.php\/comunicacao-governamental\/#breadcrumb\"},\"inLanguage\":\"pt-BR\",\"potentialAction\":[{\"@type\":\"ReadAction\",\"target\":[\"https:\/\/comunicacaoeleitoral.ufpr.br\/index.php\/comunicacao-governamental\/\"]}]},{\"@type\":\"BreadcrumbList\",\"@id\":\"https:\/\/comunicacaoeleitoral.ufpr.br\/index.php\/comunicacao-governamental\/#breadcrumb\",\"itemListElement\":[{\"@type\":\"ListItem\",\"position\":1,\"name\":\"In\u00edcio\",\"item\":\"https:\/\/comunicacaoeleitoral.ufpr.br\/\"},{\"@type\":\"ListItem\",\"position\":2,\"name\":\"Comunica\u00e7\u00e3o Governamental\"}]},{\"@type\":\"WebSite\",\"@id\":\"https:\/\/comunicacaoeleitoral.ufpr.br\/#website\",\"url\":\"https:\/\/comunicacaoeleitoral.ufpr.br\/\",\"name\":\"Comunica\u00e7\u00e3o Eleitoral\",\"description\":\"Grupo de pesquisa ligado \u00e0 linha de Comunica\u00e7\u00e3o e Pol\u00edtica do Programa de P\u00f3s-gradua\u00e7\u00e3o em Comunica\u00e7\u00e3o da Universidade Federal do Paran\u00e1.\",\"publisher\":{\"@id\":\"https:\/\/comunicacaoeleitoral.ufpr.br\/#organization\"},\"potentialAction\":[{\"@type\":\"SearchAction\",\"target\":{\"@type\":\"EntryPoint\",\"urlTemplate\":\"https:\/\/comunicacaoeleitoral.ufpr.br\/?s={search_term_string}\"},\"query-input\":\"required name=search_term_string\"}],\"inLanguage\":\"pt-BR\"},{\"@type\":\"Organization\",\"@id\":\"https:\/\/comunicacaoeleitoral.ufpr.br\/#organization\",\"name\":\"Comunica\u00e7\u00e3o Eleitoral\",\"url\":\"https:\/\/comunicacaoeleitoral.ufpr.br\/\",\"logo\":{\"@type\":\"ImageObject\",\"inLanguage\":\"pt-BR\",\"@id\":\"https:\/\/comunicacaoeleitoral.ufpr.br\/#\/schema\/logo\/image\/\",\"url\":\"https:\/\/comunicacaoeleitoral.ufpr.br\/wp-content\/uploads\/2015\/05\/header2c_celtalks.png\",\"contentUrl\":\"https:\/\/comunicacaoeleitoral.ufpr.br\/wp-content\/uploads\/2015\/05\/header2c_celtalks.png\",\"width\":1800,\"height\":674,\"caption\":\"Comunica\u00e7\u00e3o Eleitoral\"},\"image\":{\"@id\":\"https:\/\/comunicacaoeleitoral.ufpr.br\/#\/schema\/logo\/image\/\"},\"sameAs\":[\"https:\/\/www.facebook.com\/Comunica\u00e7\u00e3o-Eleitoral-564214587069724\/\",\"https:\/\/www.instagram.com\/comunicacaoeleitoral\/\",\"https:\/\/www.youtube.com\/ocanalpanke\"]}]}<\/script>\n<!-- \/ Yoast SEO plugin. -->","yoast_head_json":{"title":"Comunica\u00e7\u00e3o Governamental - Comunica\u00e7\u00e3o Eleitoral","description":"Grupo de pesquisa ligado \u00e0 linha de Comunica\u00e7\u00e3o, Pol\u00edtica e Atores Coletivos do Programa de P\u00f3s-gradua\u00e7\u00e3o em Comunica\u00e7\u00e3o da Universidade Federal do Paran\u00e1 (UFPR)","robots":{"index":"index","follow":"follow","max-snippet":"max-snippet:-1","max-image-preview":"max-image-preview:large","max-video-preview":"max-video-preview:-1"},"canonical":"https:\/\/comunicacaoeleitoral.ufpr.br\/index.php\/comunicacao-governamental\/","og_locale":"pt_BR","og_type":"article","og_title":"Comunica\u00e7\u00e3o Governamental - Comunica\u00e7\u00e3o Eleitoral","og_description":"Grupo de pesquisa ligado \u00e0 linha de Comunica\u00e7\u00e3o, Pol\u00edtica e Atores Coletivos do Programa de P\u00f3s-gradua\u00e7\u00e3o em Comunica\u00e7\u00e3o da Universidade Federal do Paran\u00e1 (UFPR)","og_url":"https:\/\/comunicacaoeleitoral.ufpr.br\/index.php\/comunicacao-governamental\/","og_site_name":"Comunica\u00e7\u00e3o Eleitoral","article_publisher":"https:\/\/www.facebook.com\/Comunica%c3%a7%c3%a3o-Eleitoral-564214587069724\/","article_modified_time":"2021-05-24T20:13:51+00:00","twitter_card":"summary_large_image","twitter_misc":{"Est. tempo de leitura":"5 minutos"},"schema":{"@context":"https:\/\/schema.org","@graph":[{"@type":"WebPage","@id":"https:\/\/comunicacaoeleitoral.ufpr.br\/index.php\/comunicacao-governamental\/","url":"https:\/\/comunicacaoeleitoral.ufpr.br\/index.php\/comunicacao-governamental\/","name":"Comunica\u00e7\u00e3o Governamental - Comunica\u00e7\u00e3o Eleitoral","isPartOf":{"@id":"https:\/\/comunicacaoeleitoral.ufpr.br\/#website"},"datePublished":"2015-05-31T21:09:46+00:00","dateModified":"2021-05-24T20:13:51+00:00","description":"Grupo de pesquisa ligado \u00e0 linha de Comunica\u00e7\u00e3o, Pol\u00edtica e Atores Coletivos do Programa de P\u00f3s-gradua\u00e7\u00e3o em Comunica\u00e7\u00e3o da Universidade Federal do Paran\u00e1 (UFPR)","breadcrumb":{"@id":"https:\/\/comunicacaoeleitoral.ufpr.br\/index.php\/comunicacao-governamental\/#breadcrumb"},"inLanguage":"pt-BR","potentialAction":[{"@type":"ReadAction","target":["https:\/\/comunicacaoeleitoral.ufpr.br\/index.php\/comunicacao-governamental\/"]}]},{"@type":"BreadcrumbList","@id":"https:\/\/comunicacaoeleitoral.ufpr.br\/index.php\/comunicacao-governamental\/#breadcrumb","itemListElement":[{"@type":"ListItem","position":1,"name":"In\u00edcio","item":"https:\/\/comunicacaoeleitoral.ufpr.br\/"},{"@type":"ListItem","position":2,"name":"Comunica\u00e7\u00e3o Governamental"}]},{"@type":"WebSite","@id":"https:\/\/comunicacaoeleitoral.ufpr.br\/#website","url":"https:\/\/comunicacaoeleitoral.ufpr.br\/","name":"Comunica\u00e7\u00e3o Eleitoral","description":"Grupo de pesquisa ligado \u00e0 linha de Comunica\u00e7\u00e3o e Pol\u00edtica do Programa de P\u00f3s-gradua\u00e7\u00e3o em Comunica\u00e7\u00e3o da Universidade Federal do Paran\u00e1.","publisher":{"@id":"https:\/\/comunicacaoeleitoral.ufpr.br\/#organization"},"potentialAction":[{"@type":"SearchAction","target":{"@type":"EntryPoint","urlTemplate":"https:\/\/comunicacaoeleitoral.ufpr.br\/?s={search_term_string}"},"query-input":"required name=search_term_string"}],"inLanguage":"pt-BR"},{"@type":"Organization","@id":"https:\/\/comunicacaoeleitoral.ufpr.br\/#organization","name":"Comunica\u00e7\u00e3o Eleitoral","url":"https:\/\/comunicacaoeleitoral.ufpr.br\/","logo":{"@type":"ImageObject","inLanguage":"pt-BR","@id":"https:\/\/comunicacaoeleitoral.ufpr.br\/#\/schema\/logo\/image\/","url":"https:\/\/comunicacaoeleitoral.ufpr.br\/wp-content\/uploads\/2015\/05\/header2c_celtalks.png","contentUrl":"https:\/\/comunicacaoeleitoral.ufpr.br\/wp-content\/uploads\/2015\/05\/header2c_celtalks.png","width":1800,"height":674,"caption":"Comunica\u00e7\u00e3o Eleitoral"},"image":{"@id":"https:\/\/comunicacaoeleitoral.ufpr.br\/#\/schema\/logo\/image\/"},"sameAs":["https:\/\/www.facebook.com\/Comunica\u00e7\u00e3o-Eleitoral-564214587069724\/","https:\/\/www.instagram.com\/comunicacaoeleitoral\/","https:\/\/www.youtube.com\/ocanalpanke"]}]}},"_links":{"self":[{"href":"https:\/\/comunicacaoeleitoral.ufpr.br\/index.php\/wp-json\/wp\/v2\/pages\/31"}],"collection":[{"href":"https:\/\/comunicacaoeleitoral.ufpr.br\/index.php\/wp-json\/wp\/v2\/pages"}],"about":[{"href":"https:\/\/comunicacaoeleitoral.ufpr.br\/index.php\/wp-json\/wp\/v2\/types\/page"}],"author":[{"embeddable":true,"href":"https:\/\/comunicacaoeleitoral.ufpr.br\/index.php\/wp-json\/wp\/v2\/users\/1"}],"replies":[{"embeddable":true,"href":"https:\/\/comunicacaoeleitoral.ufpr.br\/index.php\/wp-json\/wp\/v2\/comments?post=31"}],"version-history":[{"count":56,"href":"https:\/\/comunicacaoeleitoral.ufpr.br\/index.php\/wp-json\/wp\/v2\/pages\/31\/revisions"}],"predecessor-version":[{"id":3717,"href":"https:\/\/comunicacaoeleitoral.ufpr.br\/index.php\/wp-json\/wp\/v2\/pages\/31\/revisions\/3717"}],"wp:attachment":[{"href":"https:\/\/comunicacaoeleitoral.ufpr.br\/index.php\/wp-json\/wp\/v2\/media?parent=31"}],"curies":[{"name":"wp","href":"https:\/\/api.w.org\/{rel}","templated":true}]}}