{"id":29,"date":"2015-05-31T21:09:38","date_gmt":"2015-05-31T21:09:38","guid":{"rendered":"https:\/\/comunicacaoeleitoral.ufpr.br\/?page_id=29"},"modified":"2021-08-11T15:27:08","modified_gmt":"2021-08-11T15:27:08","slug":"partidos-politicos","status":"publish","type":"page","link":"https:\/\/comunicacaoeleitoral.ufpr.br\/index.php\/partidos-politicos\/","title":{"rendered":"Comunica\u00e7\u00e3o Partid\u00e1ria"},"content":{"rendered":"<p style=\"text-align: justify;\"><a href=\"https:\/\/comunicacaoeleitoral.ufpr.br\/wp-content\/uploads\/2015\/05\/partidos.jpg\"><img loading=\"lazy\" decoding=\"async\" class=\" size-medium wp-image-200 aligncenter\" src=\"https:\/\/comunicacaoeleitoral.ufpr.br\/wp-content\/uploads\/2015\/05\/partidos-300x141.jpg\" alt=\"partidos\" width=\"300\" height=\"141\" srcset=\"https:\/\/comunicacaoeleitoral.ufpr.br\/wp-content\/uploads\/2015\/05\/partidos-300x141.jpg 300w, https:\/\/comunicacaoeleitoral.ufpr.br\/wp-content\/uploads\/2015\/05\/partidos.jpg 500w\" sizes=\"(max-width: 300px) 100vw, 300px\" \/><\/a><\/p>\n<p style=\"text-align: justify;\">A comunica\u00e7\u00e3o partid\u00e1ria \u00e9 focada na difus\u00e3o do posicionamento e das propostas defendidas pelo partido pol\u00edtico, com o intuito de gerar relacionamento com os cidad\u00e3os.<\/p>\n<p style=\"text-align: justify;\">O objetivo \u00e9 que se cultive identifica\u00e7\u00e3o e resulte, no per\u00edodo eleitoral, al\u00e9m do voto em si, tamb\u00e9m na difus\u00e3o da ideologia partid\u00e1ria. As a\u00e7\u00f5es dos partidos tamb\u00e9m visam a constru\u00e7\u00e3o da base de apoio dos militantes pol\u00edticos.<\/p>\n<p style=\"text-align: justify;\">O CEL estuda as vari\u00e1veis que comp\u00f5em a comunica\u00e7\u00e3o partid\u00e1ria e desenvolve an\u00e1lises de cen\u00e1rios, propostas e a\u00e7\u00f5es que retratam a comunica\u00e7\u00e3o marcaria de partidos pol\u00edticos e \u00a0busca identificar a constru\u00e7\u00e3o de identidade de marca partid\u00e1ria pelo uso de ferramentas de comunica\u00e7\u00e3o de marketing.<\/p>\n<h3 style=\"text-align: justify;\"><strong>Publica\u00e7\u00f5es:\u00a0<\/strong><\/h3>\n<p>&#8211;\u00a0<a href=\"file:\/\/\/C:\/Users\/gabri\/Downloads\/5648-Texto%20do%20artigo-19550-1-10-20210606.pdf\">As apar\u00eancias enganam: heur\u00edsticas, estere\u00f3tipos e espetaculariza\u00e7\u00e3o no processo de visibilidade midi\u00e1tica.<\/a> Aryovaldo Azevedo Junior. Revista LIINC em Revista. V. 17, n. 1. 2021.<\/p>\n<p>&#8211;\u00a0<a href=\"https:\/\/www.portaldeperiodicos.idp.edu.br\/direitopublico\/article\/view\/2758\/UMA%20AN%C3%81LISE%20DESDE%20O%20PONTO%20DE%20VISTA%20ECON%C3%94MICO%20DA%20LEGISLA%C3%87%C3%83O%20REFERENTE%20AO%20FINANCIAMENTO%20DA%20POL%C3%8DTICA%20NO%20BRASIL\">Uma an\u00e1lise desde o ponto de vista econ\u00f4mico da legisla\u00e7\u00e3o referente ao financiamento da pol\u00edtica no Brasil<\/a>. Ana Claudia Santano . Artigo publicado na Revista Direito P\u00fablico. (v. 17, p. 229-262). 2020.<\/p>\n<p>&#8211;\u00a0<a href=\"https:\/\/www.academia.edu\/43673342\/O_debate_da_unifica%C3%A7%C3%A3o_das_elei%C3%A7%C3%B5es_A_carona_na_crise_da_Covid_19_em_ano_eleitoral\">Debate da unifica\u00e7\u00e3o das elei\u00e7\u00f5es: a &#8216;carona&#8217; na crise da Covid-19 em ano eleitoral<\/a>. Ana Claudia Santano. Artigo publicado na Revista Populus. (v. 1, p. 13 &#8211; 26). 2020.<\/p>\n<p><a href=\"http:\/\/syntagmaeditores.com.br\/Livraria\/Book?id=1065\">&#8211; <strong>Partidos t\u00edbios, caciques fortes e press\u00e3o p\u00fablica via redes sociais<\/strong>.<\/a>\u00a0Aryovaldo de Castro Azevedo Junior. Cap\u00edtulo do livro O Brasil vai \u00e0s Urnas &#8211; As Campanhas para Presidente na TV e Internet. Editora Syntagma. (p. 108-126). 2019.<\/p>\n<p>&#8211; <strong><a href=\"http:\/\/maspoderlocal.es\/files\/articulos\/hinchas-politica-mpl38.pdf\">Los Hinchas en La Pol\u00edtica<\/a><\/strong>. Luciana Panke. Texto publicado na revista M\u00e1s Poder Local (v. 38, p. 14- 15). 2019.<\/p>\n<p style=\"text-align: justify;\">&#8211; <a href=\"http:\/\/ctpol.unb.br\/compolitica2019\/GT2\/gt2_Caldas_Bianco.pdf?fbclid=IwAR1tjlDiStu27y2Ee29uYD93D4Zkb0nbkxfubsm0Ha2OQb3MLem5xxOJ6PE\"><strong>Marcas partid\u00e1rias e a onda neoconservadora brasileira<\/strong>.<\/a> Erica Bianco e Ana Carolina Caldas. Trabalho apresentado no Congresso da\u00a0 Associa\u00e7\u00e3o Brasileira de Pesquisadores em Comunica\u00e7\u00e3o Pol\u00edtica \u2013 Compol\u00edtica, 2019.<\/p>\n<p style=\"text-align: justify;\"><strong><a href=\"http:\/\/www.alice-comunicacionpolitica.com\/abrir-ponencia.php?f=92cd29534ba092272197b31e86ad56bb.pdf\">A constru\u00e7\u00e3o de marcas de partidos pol\u00edticos<\/a><\/strong>\u00a0&#8211; Aryovaldo de Castro Azevedo J\u00fanior (UFPR) e Luciana Panke (UFPR). Trabalho\u00a0apresentado durante o\u00a0IV Congresso Internacional de Comunica\u00e7\u00e3o Pol\u00edtica e Estrat\u00e9gias de Campanha da \u00a0Associa\u00e7\u00e3o Latino-americana de Investigadores de Campanhas Eleitorais (Alice).<\/p>\n<p style=\"text-align: justify;\"><strong><a href=\"http:\/\/www.brandtrendsjournal.com\/images\/brandtrendsjournal\/flips\/revista9\/index.html\">A m\u00edstica crist\u00e3 e a pol\u00edtica mundana<\/a>.<\/strong> AZEVEDO JUNIOR, Aryovaldo de Castro; BOZZA, G. ; CASTRO, F. \u00a0BrandTrends Journal, v. 09, p. 170-186, 2015.<\/p>\n<p style=\"text-align: justify;\"><a href=\"http:\/\/marcabrasil.besaba.com\/site\/\" target=\"_blank\"><strong>Brasil: uma marca em constru\u00e7\u00e3o.<\/strong><\/a> AZEVEDO JUNIOR, Aryovaldo de Castro (org); 1. ed. S\u00e3o Paulo: Par\u00e1grafo Comunica\u00e7\u00e3o, 2012.<\/p>\n<p style=\"text-align: justify;\"><strong><a href=\"https:\/\/issuu.com\/lupanke\/docs\/hgpe2012_2ed\" target=\"_blank\">An\u00e1lise do uso dos meios de comunica\u00e7\u00e3o tradicionais por candidatos a prefeito em Natal\/RN.<\/a><\/strong> AZEVEDO JUNIOR, Aryovaldo de Castro; LIMA, A. M. L. ; SILVA, P. R. F. \u00a0In: Luciana Panke; Emerson Cervi. (Org.). Elei\u00e7\u00f5es nas capitais brasileiras em 2012. 1ed.Curitiba: Independente, 2013, v. 1, p. 127-148.<\/p>\n<p style=\"text-align: justify;\"><a href=\"http:\/\/www.assibercom.org\/congressoibercom2015\/xiv-congresso-ibercom?id=102\" target=\"_blank\"><strong>Publicidade, Propaganda e Pol\u00edtica<\/strong><\/a> . AZEVEDO JUNIOR, Aryovaldo de Castro; CAIM, F. V.. In: XIV Congresso Ibero-americano de Comunica\u00e7\u00e3o (IBERCOM 2015), 2015, S\u00e3o Paulo. Anais do XIV Congresso Ibero-Americano de Comunica\u00e7\u00e3o IBERCOM 2015 : comunica\u00e7\u00e3o, cultura e m\u00eddias sociais. S\u00e3o Paulo: AssIbercom, 2015. v. 1. p. 7128-7139.<\/p>\n<p style=\"text-align: justify;\"><strong><a href=\"http:\/\/www.compolitica.org\/home\/?page_id=1672\" target=\"_blank\">Imagem e Pol\u00edtica: o Instagram na corrida ao planalto em 2014<\/a>.<\/strong> AZEVEDO JUNIOR, Aryovaldo de Castro; LIMA, A. M. L. In: VI Congresso da Associa\u00e7\u00e3o Brasileira de Pesquisadores em Comunica\u00e7\u00e3o e Pol\u00edtica (Compol\u00edtica 2015), 2015, Rio de Janeiro. Anais do VI Congresso da Associa\u00e7\u00e3o Brasileira de Pesquisadores em Comunica\u00e7\u00e3o e Pol\u00edtica (Compol\u00edtica 2015). Rio de Janeiro: Associa\u00e7\u00e3o Brasileira de Pesquisadores em Comunica\u00e7\u00e3o e Pol\u00edtica, 2015. v. 1. p. 20-40.<\/p>\n<p style=\"text-align: justify;\"><a href=\"http:\/\/www.compolitica.org\/home\/?page_id=1672\" target=\"_blank\"><strong>Mito e Pol\u00edtica: o uso das m\u00eddias sociais na constru\u00e7\u00e3o das identidades dos candidatos \u00e0 presid\u00eancia da rep\u00fablica em 2014.<\/strong> <\/a>CAMARGO, H. W. ; AZEVEDO JUNIOR, Aryovaldo de Castro . In: 4\u00ba Congresso Internacional em Comunica\u00e7\u00e3o e Consumo, 2014, S\u00e3o Paulo. Anais do 4\u00ba Congresso Internacional em Comunica\u00e7\u00e3o e Consumo. S\u00e3o Paulo: Escola Superior de Propaganda e Marketing, 2014. v. 1. p. 1-15.<\/p>\n<p style=\"text-align: justify;\">&#8211;\u00a0<strong><a href=\"http:\/\/issuu.com\/politicom\/docs\/ebook_comunicacaopol__ticanaesferap\/209\">Tu \u00e9s Pedro, e sobre esta pedra edificarei minha Igreja &#8211; a bancada evang\u00e9lica e a imposi\u00e7\u00e3o da moral crist\u00e3 em projetos de lei em tr\u00e2mite no Congresso<\/a> <\/strong>&#8211;\u00a0Lucas Gandin e Taiana Loise Bubniak<\/p>\n<p style=\"text-align: justify;\"><strong>&#8211;\u00a0<a href=\"http:\/\/Http:\/\/www2.eca.usp.br\/propesq\/downloads\/ebook_IV_Propesq_pp.pdf\">A opini\u00e3o p\u00fablica pregui\u00e7osa: implica\u00e7\u00f5es de um novo comportamento na propaganda pol\u00edtica<\/a>\u00a0<\/strong>&#8211; S\u00e9rgio Trein. E-book do IV Propesq PP.<\/p>\n<p style=\"text-align: justify;\">&#8211;\u00a0<strong><a href=\"https:\/\/blogempublico.files.wordpress.com\/2013\/02\/2015_cap_dinheiroeleilegislat.pdf\">Dinheiro, profiss\u00e3o e partido nas elei\u00e7\u00f5es legislativas<\/a><\/strong>. CERVI, EMERSON URIZZI; COSTA, Luiz Domingos ; CODADO, Adriano Nervo; PERISSINOTTO, RENATO. In: Codato, Adriano; Costa, Luiz Domingos; Massimo, Lucas. (Org.) &#8211; 2015. Retratos da Classe Pol\u00edtica Brasileira: estudos de ci\u00eancia pol\u00edtica. 1ed. Novas Edi\u00e7\u00f5es Acad\u00eamicas: Saarsbr\u00fccken, v. 1, p. 144-169.<\/p>\n","protected":false},"excerpt":{"rendered":"<p>A comunica\u00e7\u00e3o partid\u00e1ria \u00e9 focada na difus\u00e3o do posicionamento e das propostas defendidas pelo partido pol\u00edtico, com o intuito de gerar relacionamento com os cidad\u00e3os. O objetivo \u00e9 que se cultive identifica\u00e7\u00e3o e resulte, no per\u00edodo eleitoral, al\u00e9m do voto em si, tamb\u00e9m na difus\u00e3o da ideologia partid\u00e1ria. As a\u00e7\u00f5es dos partidos tamb\u00e9m visam a [&hellip;]<\/p>\n","protected":false},"author":1,"featured_media":0,"parent":0,"menu_order":0,"comment_status":"closed","ping_status":"closed","template":"","meta":{"_monsterinsights_skip_tracking":false,"_monsterinsights_sitenote_active":false,"_monsterinsights_sitenote_note":"","_monsterinsights_sitenote_category":0,"footnotes":""},"yoast_head":"<!-- This site is optimized with the Yoast SEO plugin v22.2 - https:\/\/yoast.com\/wordpress\/plugins\/seo\/ -->\n<title>Comunica\u00e7\u00e3o Partid\u00e1ria - Comunica\u00e7\u00e3o Eleitoral<\/title>\n<meta name=\"description\" content=\"Grupo de pesquisa ligado \u00e0 linha de Comunica\u00e7\u00e3o, Pol\u00edtica e Atores Coletivos do Programa de P\u00f3s-gradua\u00e7\u00e3o em Comunica\u00e7\u00e3o da Universidade Federal do Paran\u00e1 (UFPR)\" \/>\n<meta name=\"robots\" content=\"index, follow, max-snippet:-1, max-image-preview:large, max-video-preview:-1\" \/>\n<link rel=\"canonical\" href=\"https:\/\/comunicacaoeleitoral.ufpr.br\/index.php\/partidos-politicos\/\" \/>\n<meta property=\"og:locale\" content=\"pt_BR\" \/>\n<meta property=\"og:type\" content=\"article\" \/>\n<meta property=\"og:title\" content=\"Comunica\u00e7\u00e3o Partid\u00e1ria - Comunica\u00e7\u00e3o Eleitoral\" \/>\n<meta property=\"og:description\" content=\"Grupo de pesquisa ligado \u00e0 linha de Comunica\u00e7\u00e3o, Pol\u00edtica e Atores Coletivos do Programa de P\u00f3s-gradua\u00e7\u00e3o em Comunica\u00e7\u00e3o da Universidade Federal do Paran\u00e1 (UFPR)\" \/>\n<meta property=\"og:url\" content=\"https:\/\/comunicacaoeleitoral.ufpr.br\/index.php\/partidos-politicos\/\" \/>\n<meta property=\"og:site_name\" content=\"Comunica\u00e7\u00e3o Eleitoral\" \/>\n<meta property=\"article:publisher\" content=\"https:\/\/www.facebook.com\/Comunica%c3%a7%c3%a3o-Eleitoral-564214587069724\/\" \/>\n<meta property=\"article:modified_time\" content=\"2021-08-11T15:27:08+00:00\" \/>\n<meta property=\"og:image\" content=\"https:\/\/comunicacaoeleitoral.ufpr.br\/wp-content\/uploads\/2015\/05\/partidos-300x141.jpg\" \/>\n<meta name=\"twitter:card\" content=\"summary_large_image\" \/>\n<meta name=\"twitter:label1\" content=\"Est. tempo de leitura\" \/>\n\t<meta name=\"twitter:data1\" content=\"4 minutos\" \/>\n<script type=\"application\/ld+json\" class=\"yoast-schema-graph\">{\"@context\":\"https:\/\/schema.org\",\"@graph\":[{\"@type\":\"WebPage\",\"@id\":\"https:\/\/comunicacaoeleitoral.ufpr.br\/index.php\/partidos-politicos\/\",\"url\":\"https:\/\/comunicacaoeleitoral.ufpr.br\/index.php\/partidos-politicos\/\",\"name\":\"Comunica\u00e7\u00e3o Partid\u00e1ria - Comunica\u00e7\u00e3o Eleitoral\",\"isPartOf\":{\"@id\":\"https:\/\/comunicacaoeleitoral.ufpr.br\/#website\"},\"primaryImageOfPage\":{\"@id\":\"https:\/\/comunicacaoeleitoral.ufpr.br\/index.php\/partidos-politicos\/#primaryimage\"},\"image\":{\"@id\":\"https:\/\/comunicacaoeleitoral.ufpr.br\/index.php\/partidos-politicos\/#primaryimage\"},\"thumbnailUrl\":\"https:\/\/comunicacaoeleitoral.ufpr.br\/wp-content\/uploads\/2015\/05\/partidos-300x141.jpg\",\"datePublished\":\"2015-05-31T21:09:38+00:00\",\"dateModified\":\"2021-08-11T15:27:08+00:00\",\"description\":\"Grupo de pesquisa ligado \u00e0 linha de Comunica\u00e7\u00e3o, Pol\u00edtica e Atores Coletivos do Programa de P\u00f3s-gradua\u00e7\u00e3o em Comunica\u00e7\u00e3o da Universidade Federal do Paran\u00e1 (UFPR)\",\"breadcrumb\":{\"@id\":\"https:\/\/comunicacaoeleitoral.ufpr.br\/index.php\/partidos-politicos\/#breadcrumb\"},\"inLanguage\":\"pt-BR\",\"potentialAction\":[{\"@type\":\"ReadAction\",\"target\":[\"https:\/\/comunicacaoeleitoral.ufpr.br\/index.php\/partidos-politicos\/\"]}]},{\"@type\":\"ImageObject\",\"inLanguage\":\"pt-BR\",\"@id\":\"https:\/\/comunicacaoeleitoral.ufpr.br\/index.php\/partidos-politicos\/#primaryimage\",\"url\":\"https:\/\/comunicacaoeleitoral.ufpr.br\/wp-content\/uploads\/2015\/05\/partidos.jpg\",\"contentUrl\":\"https:\/\/comunicacaoeleitoral.ufpr.br\/wp-content\/uploads\/2015\/05\/partidos.jpg\",\"width\":500,\"height\":235},{\"@type\":\"BreadcrumbList\",\"@id\":\"https:\/\/comunicacaoeleitoral.ufpr.br\/index.php\/partidos-politicos\/#breadcrumb\",\"itemListElement\":[{\"@type\":\"ListItem\",\"position\":1,\"name\":\"In\u00edcio\",\"item\":\"https:\/\/comunicacaoeleitoral.ufpr.br\/\"},{\"@type\":\"ListItem\",\"position\":2,\"name\":\"Comunica\u00e7\u00e3o Partid\u00e1ria\"}]},{\"@type\":\"WebSite\",\"@id\":\"https:\/\/comunicacaoeleitoral.ufpr.br\/#website\",\"url\":\"https:\/\/comunicacaoeleitoral.ufpr.br\/\",\"name\":\"Comunica\u00e7\u00e3o Eleitoral\",\"description\":\"Grupo de pesquisa ligado \u00e0 linha de Comunica\u00e7\u00e3o e Pol\u00edtica do Programa de P\u00f3s-gradua\u00e7\u00e3o em Comunica\u00e7\u00e3o da Universidade Federal do Paran\u00e1.\",\"publisher\":{\"@id\":\"https:\/\/comunicacaoeleitoral.ufpr.br\/#organization\"},\"potentialAction\":[{\"@type\":\"SearchAction\",\"target\":{\"@type\":\"EntryPoint\",\"urlTemplate\":\"https:\/\/comunicacaoeleitoral.ufpr.br\/?s={search_term_string}\"},\"query-input\":\"required name=search_term_string\"}],\"inLanguage\":\"pt-BR\"},{\"@type\":\"Organization\",\"@id\":\"https:\/\/comunicacaoeleitoral.ufpr.br\/#organization\",\"name\":\"Comunica\u00e7\u00e3o Eleitoral\",\"url\":\"https:\/\/comunicacaoeleitoral.ufpr.br\/\",\"logo\":{\"@type\":\"ImageObject\",\"inLanguage\":\"pt-BR\",\"@id\":\"https:\/\/comunicacaoeleitoral.ufpr.br\/#\/schema\/logo\/image\/\",\"url\":\"https:\/\/comunicacaoeleitoral.ufpr.br\/wp-content\/uploads\/2015\/05\/header2c_celtalks.png\",\"contentUrl\":\"https:\/\/comunicacaoeleitoral.ufpr.br\/wp-content\/uploads\/2015\/05\/header2c_celtalks.png\",\"width\":1800,\"height\":674,\"caption\":\"Comunica\u00e7\u00e3o Eleitoral\"},\"image\":{\"@id\":\"https:\/\/comunicacaoeleitoral.ufpr.br\/#\/schema\/logo\/image\/\"},\"sameAs\":[\"https:\/\/www.facebook.com\/Comunica\u00e7\u00e3o-Eleitoral-564214587069724\/\",\"https:\/\/www.instagram.com\/comunicacaoeleitoral\/\",\"https:\/\/www.youtube.com\/ocanalpanke\"]}]}<\/script>\n<!-- \/ Yoast SEO plugin. -->","yoast_head_json":{"title":"Comunica\u00e7\u00e3o Partid\u00e1ria - Comunica\u00e7\u00e3o Eleitoral","description":"Grupo de pesquisa ligado \u00e0 linha de Comunica\u00e7\u00e3o, Pol\u00edtica e Atores Coletivos do Programa de P\u00f3s-gradua\u00e7\u00e3o em Comunica\u00e7\u00e3o da Universidade Federal do Paran\u00e1 (UFPR)","robots":{"index":"index","follow":"follow","max-snippet":"max-snippet:-1","max-image-preview":"max-image-preview:large","max-video-preview":"max-video-preview:-1"},"canonical":"https:\/\/comunicacaoeleitoral.ufpr.br\/index.php\/partidos-politicos\/","og_locale":"pt_BR","og_type":"article","og_title":"Comunica\u00e7\u00e3o Partid\u00e1ria - Comunica\u00e7\u00e3o Eleitoral","og_description":"Grupo de pesquisa ligado \u00e0 linha de Comunica\u00e7\u00e3o, Pol\u00edtica e Atores Coletivos do Programa de P\u00f3s-gradua\u00e7\u00e3o em Comunica\u00e7\u00e3o da Universidade Federal do Paran\u00e1 (UFPR)","og_url":"https:\/\/comunicacaoeleitoral.ufpr.br\/index.php\/partidos-politicos\/","og_site_name":"Comunica\u00e7\u00e3o Eleitoral","article_publisher":"https:\/\/www.facebook.com\/Comunica%c3%a7%c3%a3o-Eleitoral-564214587069724\/","article_modified_time":"2021-08-11T15:27:08+00:00","og_image":[{"url":"https:\/\/comunicacaoeleitoral.ufpr.br\/wp-content\/uploads\/2015\/05\/partidos-300x141.jpg"}],"twitter_card":"summary_large_image","twitter_misc":{"Est. tempo de leitura":"4 minutos"},"schema":{"@context":"https:\/\/schema.org","@graph":[{"@type":"WebPage","@id":"https:\/\/comunicacaoeleitoral.ufpr.br\/index.php\/partidos-politicos\/","url":"https:\/\/comunicacaoeleitoral.ufpr.br\/index.php\/partidos-politicos\/","name":"Comunica\u00e7\u00e3o Partid\u00e1ria - Comunica\u00e7\u00e3o Eleitoral","isPartOf":{"@id":"https:\/\/comunicacaoeleitoral.ufpr.br\/#website"},"primaryImageOfPage":{"@id":"https:\/\/comunicacaoeleitoral.ufpr.br\/index.php\/partidos-politicos\/#primaryimage"},"image":{"@id":"https:\/\/comunicacaoeleitoral.ufpr.br\/index.php\/partidos-politicos\/#primaryimage"},"thumbnailUrl":"https:\/\/comunicacaoeleitoral.ufpr.br\/wp-content\/uploads\/2015\/05\/partidos-300x141.jpg","datePublished":"2015-05-31T21:09:38+00:00","dateModified":"2021-08-11T15:27:08+00:00","description":"Grupo de pesquisa ligado \u00e0 linha de Comunica\u00e7\u00e3o, Pol\u00edtica e Atores Coletivos do Programa de P\u00f3s-gradua\u00e7\u00e3o em Comunica\u00e7\u00e3o da Universidade Federal do Paran\u00e1 (UFPR)","breadcrumb":{"@id":"https:\/\/comunicacaoeleitoral.ufpr.br\/index.php\/partidos-politicos\/#breadcrumb"},"inLanguage":"pt-BR","potentialAction":[{"@type":"ReadAction","target":["https:\/\/comunicacaoeleitoral.ufpr.br\/index.php\/partidos-politicos\/"]}]},{"@type":"ImageObject","inLanguage":"pt-BR","@id":"https:\/\/comunicacaoeleitoral.ufpr.br\/index.php\/partidos-politicos\/#primaryimage","url":"https:\/\/comunicacaoeleitoral.ufpr.br\/wp-content\/uploads\/2015\/05\/partidos.jpg","contentUrl":"https:\/\/comunicacaoeleitoral.ufpr.br\/wp-content\/uploads\/2015\/05\/partidos.jpg","width":500,"height":235},{"@type":"BreadcrumbList","@id":"https:\/\/comunicacaoeleitoral.ufpr.br\/index.php\/partidos-politicos\/#breadcrumb","itemListElement":[{"@type":"ListItem","position":1,"name":"In\u00edcio","item":"https:\/\/comunicacaoeleitoral.ufpr.br\/"},{"@type":"ListItem","position":2,"name":"Comunica\u00e7\u00e3o Partid\u00e1ria"}]},{"@type":"WebSite","@id":"https:\/\/comunicacaoeleitoral.ufpr.br\/#website","url":"https:\/\/comunicacaoeleitoral.ufpr.br\/","name":"Comunica\u00e7\u00e3o Eleitoral","description":"Grupo de pesquisa ligado \u00e0 linha de Comunica\u00e7\u00e3o e Pol\u00edtica do Programa de P\u00f3s-gradua\u00e7\u00e3o em Comunica\u00e7\u00e3o da Universidade Federal do Paran\u00e1.","publisher":{"@id":"https:\/\/comunicacaoeleitoral.ufpr.br\/#organization"},"potentialAction":[{"@type":"SearchAction","target":{"@type":"EntryPoint","urlTemplate":"https:\/\/comunicacaoeleitoral.ufpr.br\/?s={search_term_string}"},"query-input":"required name=search_term_string"}],"inLanguage":"pt-BR"},{"@type":"Organization","@id":"https:\/\/comunicacaoeleitoral.ufpr.br\/#organization","name":"Comunica\u00e7\u00e3o Eleitoral","url":"https:\/\/comunicacaoeleitoral.ufpr.br\/","logo":{"@type":"ImageObject","inLanguage":"pt-BR","@id":"https:\/\/comunicacaoeleitoral.ufpr.br\/#\/schema\/logo\/image\/","url":"https:\/\/comunicacaoeleitoral.ufpr.br\/wp-content\/uploads\/2015\/05\/header2c_celtalks.png","contentUrl":"https:\/\/comunicacaoeleitoral.ufpr.br\/wp-content\/uploads\/2015\/05\/header2c_celtalks.png","width":1800,"height":674,"caption":"Comunica\u00e7\u00e3o Eleitoral"},"image":{"@id":"https:\/\/comunicacaoeleitoral.ufpr.br\/#\/schema\/logo\/image\/"},"sameAs":["https:\/\/www.facebook.com\/Comunica\u00e7\u00e3o-Eleitoral-564214587069724\/","https:\/\/www.instagram.com\/comunicacaoeleitoral\/","https:\/\/www.youtube.com\/ocanalpanke"]}]}},"_links":{"self":[{"href":"https:\/\/comunicacaoeleitoral.ufpr.br\/index.php\/wp-json\/wp\/v2\/pages\/29"}],"collection":[{"href":"https:\/\/comunicacaoeleitoral.ufpr.br\/index.php\/wp-json\/wp\/v2\/pages"}],"about":[{"href":"https:\/\/comunicacaoeleitoral.ufpr.br\/index.php\/wp-json\/wp\/v2\/types\/page"}],"author":[{"embeddable":true,"href":"https:\/\/comunicacaoeleitoral.ufpr.br\/index.php\/wp-json\/wp\/v2\/users\/1"}],"replies":[{"embeddable":true,"href":"https:\/\/comunicacaoeleitoral.ufpr.br\/index.php\/wp-json\/wp\/v2\/comments?post=29"}],"version-history":[{"count":31,"href":"https:\/\/comunicacaoeleitoral.ufpr.br\/index.php\/wp-json\/wp\/v2\/pages\/29\/revisions"}],"predecessor-version":[{"id":4045,"href":"https:\/\/comunicacaoeleitoral.ufpr.br\/index.php\/wp-json\/wp\/v2\/pages\/29\/revisions\/4045"}],"wp:attachment":[{"href":"https:\/\/comunicacaoeleitoral.ufpr.br\/index.php\/wp-json\/wp\/v2\/media?parent=29"}],"curies":[{"name":"wp","href":"https:\/\/api.w.org\/{rel}","templated":true}]}}