{"id":27,"date":"2015-05-31T21:09:28","date_gmt":"2015-05-31T21:09:28","guid":{"rendered":"https:\/\/comunicacaoeleitoral.ufpr.br\/?page_id=27"},"modified":"2022-08-11T11:38:46","modified_gmt":"2022-08-11T11:38:46","slug":"midias","status":"publish","type":"page","link":"https:\/\/comunicacaoeleitoral.ufpr.br\/index.php\/midias\/","title":{"rendered":"M\u00eddias"},"content":{"rendered":"<p>&#8211;\u00a0<a href=\"https:\/\/www.prppg.ufpr.br\/siga\/visitante\/trabalhoConclusaoWS?idpessoal=80100&amp;idprograma=40001016071P8&amp;anobase=2021&amp;idtc=88\" target=\"_blank\">A imagem p\u00fablica das vereadoras de Curitiba: Uma an\u00e1lise das campanhas eleitorais de 2016 e 2020<\/a>. Karina Lan\u00e7oni Bernardi. Disserta\u00e7\u00e3o de mestrado. 2021<\/p>\n<p>&#8211;\u00a0<a href=\"https:\/\/www.prppg.ufpr.br\/siga\/visitante\/trabalhoConclusaoWS?idpessoal=110933&amp;idprograma=40001016071P8&amp;anobase=2021&amp;idtc=89\" target=\"_blank\">A participa\u00e7\u00e3o das candidatas \u00e0 vice-presid\u00eancia de 2018 nos debates eleitorais audiovisuais.<\/a> Silvia Maria da Silva Cunha. Disserta\u00e7\u00e3o de mestrado. 2021<\/p>\n<p>&#8211;\u00a0<a href=\"file:\/\/\/C:\/Users\/gabri\/Downloads\/28-Texto%20del%20art%C3%ADculo-195-1-10-20210531.pdf\">Fake news e as elei\u00e7\u00f5es brasileiras de 2018: o uso da desinforma\u00e7\u00e3o como estrat\u00e9gia de comunica\u00e7\u00e3o eleitoral.<\/a> Aryovaldo Azevedo Junior.\u00a0 Revista M\u00e1s Poder Local, v. 44: p. 81-108. 2021.<\/p>\n<p>&#8211; <a href=\"https:\/\/drive.google.com\/file\/d\/1dfCJ97GdGrJBEbcI850aZGAiEp_-ExUk\/view?usp=sharing\">Verbete Comunica\u00e7\u00e3o Eleitoral<\/a>. Luciana Panke. Verbete publicado em Dicion\u00e1rio das Elei\u00e7\u00f5es. Editora Juru\u00e1, p. 178. 2020.<\/p>\n<p>&#8211;\u00a0\u00a0<a href=\"http:\/\/periodicos.pucminas.br\/index.php\/dispositiva\/article\/view\/23263\">A l\u00f3gica empresarial na pol\u00edtica: intersec\u00e7\u00e3o entre campos, pr\u00e1ticas e discursos<\/a>. Mateus da Cunha Santos e Maria Ivete Trevisan Foss\u00e1. Artigo publicado na\u00a0Revista do Programa de P\u00f3s-Gradua\u00e7\u00e3o em Comunica\u00e7\u00e3o Social da Faculdade de Comunica\u00e7\u00e3o e Artes da PUC Minas, Dispositiva. (v. 9, p. 63-82). 2020.<\/p>\n<p>&#8211; <a href=\"https:\/\/www.academia.edu\/8492389\/Observaciones_comparativas_sobre_las_campa%C3%B1as_electorales_de_Josefina_V%C3%A1squez_Mota_y_Dilma_Rousseff\">Observaciones comparativas sobre las campa\u00f1as electorales de Josefina V\u00e1zquez Mota y Dilma Rousseff<\/a>. Luciana Panke. Cap\u00edtulo de livro. P. 35-46. 2020.<\/p>\n<p>&#8211; <a href=\"https:\/\/revistas.ufpr.br\/acaomidiatica\/article\/view\/69150\/40271\">A constru\u00e7\u00e3o m\u00edtica musical das candidaturas de Lula \u00e0 presid\u00eancia<\/a>. Luciana Panke, Debora Milla e Erivelto Amarante. Artigo publicado na Revista A\u00e7\u00e3o Midi\u00e1tica &#8211; Estudos em Comunica\u00e7\u00e3o, Sociedade e Cultura. (v. 19, 2019).<\/p>\n<p>&#8211;\u00a0<a href=\"https:\/\/comunicacaoeleitoral.ufpr.br\/wp-content\/uploads\/2019\/10\/26247-68662-1-PB.pdf\">An\u00e1lise dos spots radiof\u00f4nicos no segundo turno da campanha eleitoral presidencial em 2018<\/a>. Luciana Panke e Karina Bernardi. Artigo publicado na\u00a0Revista ECO-P\u00f3s (v.22, n.2, 2019), do Programa de P\u00f3s-Gradua\u00e7\u00e3o em Comunica\u00e7\u00e3o e Cultura, da Escola de Comunica\u00e7\u00e3o da Universidade Federal do Rio de Janeiro.<\/p>\n<p>&#8211;\u00a0<a href=\"https:\/\/www.atenaeditora.com.br\/wp-content\/uploads\/2019\/03\/e-book-Impactos-das-tecnologias-nas-ciencias-humanas-e-sociais-aplicadas-6.pdf\">Constru\u00e7\u00f5es mitol\u00f3gicas na pol\u00edtica: a disputa entre PSDB x PT nas elei\u00e7\u00f5es municipais de 2016.<\/a> Aryovaldo Azevedo Junior, Fabio Caim Viana e Hertz Wendel de Camargo. Cap\u00edtulo do livro Impactos das Tecnologias nas Ci\u00eancias Humanas e Sociais Aplicadas 6. Atena Editora. (p. 29-43). 2019.<\/p>\n<p>&#8211;\u00a0<a href=\"https:\/\/comunicacaoeleitoral.ufpr.br\/wp-content\/uploads\/2019\/10\/26253-68685-1-PB.pdf\">O processo de mitifica\u00e7\u00e3o de Bolsonaro: Messias, presidente do Brasil<\/a>.\u00a0Aryovaldo Azevedo Junior e Erica Bianco. Artigo publicado na Revista ECO-P\u00f3s (v.22, n.2, 2019), do Programa de P\u00f3s-Gradua\u00e7\u00e3o em Comunica\u00e7\u00e3o e Cultura, da Escola de Comunica\u00e7\u00e3o da Universidade Federal do Rio de Janeiro.<\/p>\n<p>&#8211; <a href=\"https:\/\/comunicacaoeleitoral.ufpr.br\/wp-content\/uploads\/2015\/05\/DESINFORMACAO-PROPAGANDA-E-AS-VAPOROSAS-RELACOES-ENTRE-INTERESSES-CORPORATIVOS-E-POLITICOS_UM-ESTUDO-DE-CASO-SOBRE-A-CANNABIS-V3.docx\">Desinforma\u00e7\u00e3o, propaganda e as vaporosas rela\u00e7\u00f5es entre interesses corporativos e pol\u00edticos: um estudo de caso sobre a <em>Cannabis<\/em><\/a>.\u00a0Aryovaldo de Castro Azevedo\u00a0 Junior, Kennedy Baccarin da Silva Filho e Fernanda Santos Ferdinandi. Trabalho apresentado no X Pr\u00f3-Pesq PP &#8211; Encontro de Pesquisadores em Publicidade e Propaganda. Maio 2019.<a href=\"#_ftn4\" name=\"_ftnref4\"><\/a><\/p>\n<p><a href=\"#_ftnref1\" name=\"_ftn1\"><\/a>&#8211; <a href=\"http:\/\/www.revistas.usp.br\/signosdoconsumo\/issue\/view\/10932\/1551\">Soft Power e a constru\u00e7\u00e3o simb\u00f3lica da realidade: a influ\u00eancia da m\u00eddia no comportamento da sociedade &#8211; o caso da Reforma da Previd\u00eancia no Brasil<\/a>. Aryovaldo de Castro Azevedo Junior. Revista Signos do Consumo &#8211; USP. Volume 11, n 1. Janeiro a Junho de 2019<\/p>\n<p style=\"text-align: justify;\">&#8211; <a href=\"http:\/\/periodicos.ufpb.br\/index.php\/tematica\/article\/view\/33029\">O The Wall Street Journal e as pr\u00e9vias eleitorais: cobertura pol\u00edtica<\/a>\u00a0<a href=\"http:\/\/periodicos.ufpb.br\/index.php\/tematica\/article\/view\/33029\">e imagem p\u00fablica de Donald Trump e Hilary Clinton<\/a>. Bruno Washington Nichols, Pedro Chapaval Pimentel e Luis Rog\u00e9rio Lopes Silva. Revista Tem\u00e1tica, v 13, n 2, 2017.<\/p>\n<p>&nbsp;<\/p>\n<p style=\"text-align: justify;\">&#8211; <a href=\"https:\/\/comunicacaoeleitoral.ufpr.br\/wp-content\/uploads\/2015\/05\/PHILIPPI-Ricardo-O-Palha\u00e7o-no-Espet\u00e1culo-Pol\u00edtico.pdf\">O Palha\u00e7o no Espet\u00e1culo Pol\u00edtico: Os Discursos do Deputado Federal Tiririca<\/a>, Ricardo Philippi, 2017.<\/p>\n<p style=\"text-align: justify;\">&#8211; <a href=\"http:\/\/periodicos.ufpb.br\/ojs\/index.php\/tematica\/article\/view\/30674\">Radicalizar ou persuadir? A din\u00e2mica dos coment\u00e1rios sobre A\u00e9cio, Dilma, Campos e Marina na p\u00e1gina Folha de S. Paulo no Facebook durante a elei\u00e7\u00e3o presidencial em 2014<\/a> &#8211; Bruno Washington Nichols, 2016.<\/p>\n<p style=\"text-align: justify;\">&#8211;<a href=\"http:\/\/opiniaopublica.ufmg.br\/site\/files\/artigo\/01-Alice-Lima-e-Luciana-Panke.pdf\"> Imagem e desqualifica\u00e7\u00e3o: o caso de Dilma Rousseff nas elei\u00e7\u00f5es presidenciais brasileiras de 2014<\/a> &#8211;\u00a0<i> <\/i> Alice Lima e Luciana Panke, 2016.<\/p>\n<p style=\"text-align: justify;\">&#8211; <a href=\"http:\/\/www.unigran.br\/mercado\/paginas\/arquivos\/edicoes\/11\/10.pdf\">A personaliza\u00e7\u00e3o da pol\u00edtica e a tend\u00eancia \u00e0 &#8220;presidencializa\u00e7\u00e3o&#8221; em sistemas parlamentaristas<\/a> &#8211; Lucas Lisboa Peths\u00b9 Luiz Ademir de Oliveira\u00b2Paulo Roberto Figueira Leal, 2015.<\/p>\n<p style=\"text-align: justify;\"><a href=\"http:\/\/www.unigran.br\/mercado\/paginas\/arquivos\/edicoes\/11\/3.pdf\">&#8211; Disputa eleitoral de 2014: da tela da televis\u00e3o para as redes sociais<\/a> &#8211; Luiz Ademir de Oliveira, Paulo Eduardo Assis Maia e Gustavo Fernandes Paravizo Mira, 2015.<\/p>\n<p style=\"text-align: justify;\"><a href=\"http:\/\/siaiap32.univali.br\/seer\/index.php\/vd\/article\/view\/7976\">&#8211; Da TV aberta para a segunda tela: pronunciamentos de Dilma no segundo mandato<\/a> &#8211; Luiz Ademir de Oliveira, Alexandre Augusto da Costa, Aline Andrade Pereira, 2015.<\/p>\n<p style=\"text-align: justify;\"><a href=\"http:\/\/www.fumec.br\/revistas\/mediacao\/article\/view\/2922\/1719\">&#8211; Quando se joga o Jogo dos tronos, voce\u0302 vence ou morre: representac\u0327o\u0303es sociais e disputas pelo poder em Game of thrones <\/a>&#8211; Paloma Rodrigues Destro Couto e Luiz Ademir de Oliveira. 2015.<\/p>\n<p style=\"text-align: justify;\"><a href=\"http:\/\/www.enpecom.ufpr.br\/arquivos-2015\/ANAIS_VII_ENPECOM.pdf\">&#8211; An\u00e1lise do Enquadramento da Candidatura do Palha\u00e7o Tiririca no Per\u00edodo Pr\u00e9-Eleitoral de 2010 (p\u00e1gina 1151)<\/a> &#8211;\u00a0Ricardo Philippi. Enpecom, Curitiba, UFPR, 2015.<\/p>\n<p style=\"text-align: justify;\"><a href=\"http:\/\/www.compolitica.org\/home\/wp-content\/uploads\/2015\/04\/GT-9-azevedo-jr-e-lima.pdf\">Imagem e Pol\u00edtica: o Instagram na corrida ao Planalto em 2014<\/a>\u00a0&#8211;<span style=\"color: #000000;\">\u00a0<\/span>Aryovaldo de Castro Azevedo Junior (UFPR) e Alice Lima (UFPR). Artigo apresentado durante o VI Congresso da Compol\u00edtica 2015.<\/p>\n<p style=\"text-align: justify;\">&#8211;\u00a0<a href=\"http:\/\/www.google.com.br\/url?sa=t&amp;rct=j&amp;q=&amp;esrc=s&amp;source=web&amp;cd=14&amp;cad=rja&amp;uact=8&amp;ved=0CC4QFjADOApqFQoTCNHq7NTIxcgCFcMckAodh_sIBg&amp;url=http%3A%2F%2Fwww.compolitica.org%2Fhome%2Fwp-content%2Fuploads%2F2015%2F04%2FGT-9-trein.pdf&amp;usg=AFQjCNH-sMbKNCBFBEEuSZR9izUQIZkYpA\">Atra\u00e7\u00e3o e distra\u00e7\u00e3o na publicidade externa dos candidatos \u00e0 elei\u00e7\u00e3o em 2014<\/a>\u00a0&#8211; S\u00e9rgio Trein. Artigo apresentado durante o\u00a0VI Congresso da\u00a0Associa\u00e7\u00e3o Brasileira de Pesquisadores em Comunica\u00e7\u00e3o e Pol\u00edtica (VI\u00a0Compol\u00edtica), 2015.<\/p>\n<p>&#8211; <a href=\"http:\/\/www.agendapolitica.ufscar.br\/index.php\/agendapolitica\/article\/view\/50\/47\">Quando a voz do eleitor \u00e9 pouco ouvida: pesquisa eleitoral e estrat\u00e9gias de comunica\u00e7\u00e3o na Campanha para prefeito de Curitiba em 2012. Agenda Pol\u00edtica<\/a>\u00a0&#8211;\u00a0Ricardo Tesseroli,\u00a0v. 02, p. 97-118, 2014.<\/p>\n<p>&#8211;\u00a0<a href=\"https:\/\/www.academia.edu\/14187609\/COMUNICA%C3%87%C3%83O_E_POL%C3%8DTICA_Livro_completo\">Observa\u00e7\u00f5es sobre o Marketing Pol\u00edtico-Ambiental dos Tweets de Candidatos \u00e0 Prefeitura de Curitiba<\/a> Elo\u00edsa Loose (UFPR), Josemari Poerschke de Quevedo (UFPR) e Val\u00e9ria Souza Duarte (UFPR) (cap\u00edtulo de livro &#8211;\u00a0p\u00e1gs 97-118), 2014.<\/p>\n<p>&#8211; <a href=\"https:\/\/issuu.com\/lucianapanke\/docs\/livro2-aprovado_21-mar\">A mobiliza\u00e7\u00e3o social no contexto pol\u00edtico e eleitoral<\/a> &#8211; Daniela Rocha, Luciana Panke e Roberto Gondo (organizadores). \u00a0Curitiba, UFPR\/Politicom, 2013.<\/p>\n<p>&#8211;\u00a0<a href=\"http:\/\/repositorio.uscs.edu.br\/bitstream\/123456789\/448\/2\/ebookpoliticomunisal.pdf\">A carnavaliza\u00e7\u00e3o do discurso eleitoral de Tiririca (p\u00e1ginas 33-44)<\/a> &#8211; Lucas Gandin (UFPR), 2012<\/p>\n<p>&#8211; <a href=\"https:\/\/issuu.com\/jefersonthauny\/docs\/ebook_iii_propesq_thauny?e=8359246\/34592709\">Proposta\u00a0metodol\u00f3gica\u00a0para\u00a0an\u00e1lise de conte\u00fado no Twitter de candidatos em per\u00edodo eleitoral\u00a0&#8211;<\/a> Luciana Panke e Jeferson Thauny, 2012<\/p>\n<p>&#8211; <a href=\"http:\/\/www.blogempublico.com\/wp-content\/uploads\/2011\/08\/2011_CapituloEbook_CoberturaFolhaSaoPaulo2010_EmersonNelsonLeo.pdf\">Comunica\u00e7\u00e3o Eleitoral:\u00a0conceitos e estudos sobre as elei\u00e7\u00f5es presidenciais em 2010<\/a> &#8211; Luciana Panke e Marcelo Serpa (organizadores), 2011<\/p>\n<p>&#8211;\u00a0\u00a0<a href=\"http:\/\/uninter.com\/revistacomunicacao\/index.php\/revistacomunicacao\/article\/view\/575\">Estrat\u00e9gias das candidaturas presidenciais brasileiras em 2010 (p\u00e1ginas 6-28)<\/a> &#8211; Luciana Panke. Trabalho publicado na\u00a0Revista Uninter de Comunica\u00e7\u00e3o.<\/p>\n<p>&#8211;\u00a0<a href=\"http:\/\/www.espm.br\/download\/Anais_Comunicon_2014\/gts\/gt_seis\/GT06_HERTEZ_CAMARGO.pdf\">Mito e Pol\u00edtica: o uso das m\u00eddias sociais na constru\u00e7\u00e3o das identidades dos candidatos \u00e0 presid\u00eancia da rep\u00fablica em 2014<\/a> &#8211; Ary Azevedo e\u00a0Hertez Wendel de Camargo.\u00a0Trabalho apresentado no Grupo de Trabalho 6 \u2013 Comunica\u00e7\u00e3o, Consumo e Subjetividade, do 4\u00ba Encontro Internacional e Comunica\u00e7\u00e3o e Consumo (Comunicon).<\/p>\n<p>&#8211;\u00a0<a href=\"http:\/\/www.portcom.intercom.org.br\/pdfs\/33036607867526658841998748901354663358.pdf\">O duplo papel das pesquisas eleitorais: eleitora de quem est\u00e1 na frente, advers\u00e1ria de quem est\u00e1 atr\u00e1s <\/a>&#8211; S\u00e9rgio Trein. Trabalho\u00a0apresentado ao NP 03 \u2013 Publicidade, Propaganda e Marketing, do V Encontro dos N\u00facleos de\u00a0Pesquisa da Intercom.<\/p>\n<p>&#8211;\u00a0<a href=\"http:\/\/Http:\/\/www.compolitica.org\/home\/wp-content\/uploads\/2013\/05\/GT-09-Propaganda-e-Marketing-Pol%C3%adtico-Sergio-Trein.pdf\">O marketing (n\u00e3o) pol\u00edtico: o abandono do letramento pol\u00edtico na estrat\u00e9gia eleitoral de Manuela D\u00b4\u00c1vila \u00e0 prefeitura de Porto Alegre<\/a>\u00a0&#8211; S\u00e9rgio Trein. Trabalho apresentado durante o Compol\u00edtica, em 2013.<\/p>\n<p>&#8211; <a href=\"http:\/\/dspace.c3sl.ufpr.br\/dspace\/bitstream\/handle\/1884\/35189\/R%20-%20D%20-%20JEFERSON%20THAUNY.pdf?sequence=1\">Do moderno ao p\u00f3s-moderno: HGPE e Facebook para dissemina\u00e7\u00e3o de conte\u00fado eleitoral nas majorit\u00e1rias de Curitiba<\/a> &#8211; Jeferson Thauny. Disserta\u00e7\u00e3o PPGCOM\/UFPR.<\/p>\n<p>&#8211;\u00a0<a href=\"https:\/\/blogempublico.files.wordpress.com\/2016\/03\/2009_eleicoesmidialocal_completo.pdf\">Elei\u00e7\u00f5es e m\u00eddia local: desvendando a democracia de massa em disputas municipais <\/a>&#8211; Emerson Urizzi Cervi. Ponta Grossa: TodaPalavra.<\/p>\n<p>&#8211;\u00a0<a href=\"https:\/\/blogempublico.files.wordpress.com\/2013\/02\/2015_cap_elegeprefeitobr.pdf\">Quem se elege prefeito no Brasi<\/a>l. Adriano Codato,\u00a0Emerson Urizzi Cervi e\u00a0Renato Monseff.<\/p>\n<p>&#8211;\u00a0<a href=\"https:\/\/blogempublico.files.wordpress.com\/2013\/02\/2012_cap_ebookintercom_laswellfsp.pdf\">Redes sociais nas campanhas pol\u00edticas: como candidatos a governador do Paran\u00e1 usaram o microblog Twitter em 2010<\/a> &#8211; Emerson Urizzi Cervi e Michele Massuchin.<\/p>\n<p>&#8211; <a href=\"https:\/\/www.academia.edu\/19916111\/2015_Revista_Debates_A_disputa_presidencial_de_2014_em_posts_e_coment%C3%A1rios_no_Facebook\">Revista Debates, A disputa presidencial de 2014 em posts e coment\u00e1rios no Facebook<\/a> &#8211; Emerson\u00a0Urizzi Cervi<\/p>\n<p>&#8211; <a href=\"http:\/\/Http:\/\/www.revistas.uepg.br\/index.php\/folkcom\/article\/view\/580\">Os bon\u00e9s de Lula: vestem a cabe\u00e7a do presidente e ainda &#8220;fazem a cabe\u00e7a&#8221; do povo<\/a> &#8211; S\u00e9rgio Trein. Revista Folkom (UEPG), 2008.<\/p>\n<p>&#8211;\u00a0<a href=\"https:\/\/periodicos.ufes.br\/almanaque\/article\/view\/37934\" target=\"_blank\">Da pr\u00e9-moderna \u00e0 algor\u00edtmica: as caracter\u00edsticas evolutivas das campanhas eleitorais <\/a>&#8211; Ricardo Tesseroli. Revista Almanaque (UFES), 2022.<\/p>\n<p>&#8211;\u00a0<span style=\"font-weight: 400;\"><a href=\"https:\/\/www.seer.ufrgs.br\/sociologias\/article\/view\/386-415\">A organiza\u00e7\u00e3o das campanhas eleitorais nos munic\u00edpios: o caso de Guarulhos em 2016<\/a>&#8211;\u00a0M\u00e9rcia Alves\u00a0<\/span><\/p>\n<p>&#8211;\u00a0<a href=\"https:\/\/periodicos.ufjf.br\/index.php\/lumina\/article\/view\/31860\">Campanha negativa e estrat\u00e9gias do medo: a mudan\u00e7a na disputa presidencial brasileira de 2014<\/a>&#8211;\u00a0M\u00e9rcia Alves<\/p>\n","protected":false},"excerpt":{"rendered":"<p>&#8211;\u00a0A imagem p\u00fablica das vereadoras de Curitiba: Uma an\u00e1lise das campanhas eleitorais de 2016 e 2020. Karina Lan\u00e7oni Bernardi. Disserta\u00e7\u00e3o de mestrado. 2021 &#8211;\u00a0A participa\u00e7\u00e3o das candidatas \u00e0 vice-presid\u00eancia de 2018 nos debates eleitorais audiovisuais. Silvia Maria da Silva Cunha. Disserta\u00e7\u00e3o de mestrado. 2021 &#8211;\u00a0Fake news e as elei\u00e7\u00f5es brasileiras de 2018: o uso da [&hellip;]<\/p>\n","protected":false},"author":1,"featured_media":0,"parent":0,"menu_order":0,"comment_status":"closed","ping_status":"closed","template":"","meta":{"_monsterinsights_skip_tracking":false,"_monsterinsights_sitenote_active":false,"_monsterinsights_sitenote_note":"","_monsterinsights_sitenote_category":0,"footnotes":""},"yoast_head":"<!-- This site is optimized with the Yoast SEO plugin v22.2 - https:\/\/yoast.com\/wordpress\/plugins\/seo\/ -->\n<title>M\u00eddias - Comunica\u00e7\u00e3o Eleitoral<\/title>\n<meta name=\"description\" content=\"Grupo de pesquisa ligado \u00e0 linha de Comunica\u00e7\u00e3o, Pol\u00edtica e Atores Coletivos do Programa de P\u00f3s-gradua\u00e7\u00e3o em Comunica\u00e7\u00e3o da Universidade Federal do Paran\u00e1 (UFPR)\" \/>\n<meta name=\"robots\" content=\"index, follow, max-snippet:-1, max-image-preview:large, max-video-preview:-1\" \/>\n<link rel=\"canonical\" href=\"https:\/\/comunicacaoeleitoral.ufpr.br\/index.php\/midias\/\" \/>\n<meta property=\"og:locale\" content=\"pt_BR\" \/>\n<meta property=\"og:type\" content=\"article\" \/>\n<meta property=\"og:title\" content=\"M\u00eddias - Comunica\u00e7\u00e3o Eleitoral\" \/>\n<meta property=\"og:description\" content=\"Grupo de pesquisa ligado \u00e0 linha de Comunica\u00e7\u00e3o, Pol\u00edtica e Atores Coletivos do Programa de P\u00f3s-gradua\u00e7\u00e3o em Comunica\u00e7\u00e3o da Universidade Federal do Paran\u00e1 (UFPR)\" \/>\n<meta property=\"og:url\" content=\"https:\/\/comunicacaoeleitoral.ufpr.br\/index.php\/midias\/\" \/>\n<meta property=\"og:site_name\" content=\"Comunica\u00e7\u00e3o Eleitoral\" \/>\n<meta property=\"article:publisher\" content=\"https:\/\/www.facebook.com\/Comunica%c3%a7%c3%a3o-Eleitoral-564214587069724\/\" \/>\n<meta property=\"article:modified_time\" content=\"2022-08-11T11:38:46+00:00\" \/>\n<meta name=\"twitter:card\" content=\"summary_large_image\" \/>\n<meta name=\"twitter:label1\" content=\"Est. tempo de leitura\" \/>\n\t<meta name=\"twitter:data1\" content=\"6 minutos\" \/>\n<script type=\"application\/ld+json\" class=\"yoast-schema-graph\">{\"@context\":\"https:\/\/schema.org\",\"@graph\":[{\"@type\":\"WebPage\",\"@id\":\"https:\/\/comunicacaoeleitoral.ufpr.br\/index.php\/midias\/\",\"url\":\"https:\/\/comunicacaoeleitoral.ufpr.br\/index.php\/midias\/\",\"name\":\"M\u00eddias - Comunica\u00e7\u00e3o Eleitoral\",\"isPartOf\":{\"@id\":\"https:\/\/comunicacaoeleitoral.ufpr.br\/#website\"},\"datePublished\":\"2015-05-31T21:09:28+00:00\",\"dateModified\":\"2022-08-11T11:38:46+00:00\",\"description\":\"Grupo de pesquisa ligado \u00e0 linha de Comunica\u00e7\u00e3o, Pol\u00edtica e Atores Coletivos do Programa de P\u00f3s-gradua\u00e7\u00e3o em Comunica\u00e7\u00e3o da Universidade Federal do Paran\u00e1 (UFPR)\",\"breadcrumb\":{\"@id\":\"https:\/\/comunicacaoeleitoral.ufpr.br\/index.php\/midias\/#breadcrumb\"},\"inLanguage\":\"pt-BR\",\"potentialAction\":[{\"@type\":\"ReadAction\",\"target\":[\"https:\/\/comunicacaoeleitoral.ufpr.br\/index.php\/midias\/\"]}]},{\"@type\":\"BreadcrumbList\",\"@id\":\"https:\/\/comunicacaoeleitoral.ufpr.br\/index.php\/midias\/#breadcrumb\",\"itemListElement\":[{\"@type\":\"ListItem\",\"position\":1,\"name\":\"In\u00edcio\",\"item\":\"https:\/\/comunicacaoeleitoral.ufpr.br\/\"},{\"@type\":\"ListItem\",\"position\":2,\"name\":\"M\u00eddias\"}]},{\"@type\":\"WebSite\",\"@id\":\"https:\/\/comunicacaoeleitoral.ufpr.br\/#website\",\"url\":\"https:\/\/comunicacaoeleitoral.ufpr.br\/\",\"name\":\"Comunica\u00e7\u00e3o Eleitoral\",\"description\":\"Grupo de pesquisa ligado \u00e0 linha de Comunica\u00e7\u00e3o e Pol\u00edtica do Programa de P\u00f3s-gradua\u00e7\u00e3o em Comunica\u00e7\u00e3o da Universidade Federal do Paran\u00e1.\",\"publisher\":{\"@id\":\"https:\/\/comunicacaoeleitoral.ufpr.br\/#organization\"},\"potentialAction\":[{\"@type\":\"SearchAction\",\"target\":{\"@type\":\"EntryPoint\",\"urlTemplate\":\"https:\/\/comunicacaoeleitoral.ufpr.br\/?s={search_term_string}\"},\"query-input\":\"required name=search_term_string\"}],\"inLanguage\":\"pt-BR\"},{\"@type\":\"Organization\",\"@id\":\"https:\/\/comunicacaoeleitoral.ufpr.br\/#organization\",\"name\":\"Comunica\u00e7\u00e3o Eleitoral\",\"url\":\"https:\/\/comunicacaoeleitoral.ufpr.br\/\",\"logo\":{\"@type\":\"ImageObject\",\"inLanguage\":\"pt-BR\",\"@id\":\"https:\/\/comunicacaoeleitoral.ufpr.br\/#\/schema\/logo\/image\/\",\"url\":\"https:\/\/comunicacaoeleitoral.ufpr.br\/wp-content\/uploads\/2015\/05\/header2c_celtalks.png\",\"contentUrl\":\"https:\/\/comunicacaoeleitoral.ufpr.br\/wp-content\/uploads\/2015\/05\/header2c_celtalks.png\",\"width\":1800,\"height\":674,\"caption\":\"Comunica\u00e7\u00e3o Eleitoral\"},\"image\":{\"@id\":\"https:\/\/comunicacaoeleitoral.ufpr.br\/#\/schema\/logo\/image\/\"},\"sameAs\":[\"https:\/\/www.facebook.com\/Comunica\u00e7\u00e3o-Eleitoral-564214587069724\/\",\"https:\/\/www.instagram.com\/comunicacaoeleitoral\/\",\"https:\/\/www.youtube.com\/ocanalpanke\"]}]}<\/script>\n<!-- \/ Yoast SEO plugin. -->","yoast_head_json":{"title":"M\u00eddias - Comunica\u00e7\u00e3o Eleitoral","description":"Grupo de pesquisa ligado \u00e0 linha de Comunica\u00e7\u00e3o, Pol\u00edtica e Atores Coletivos do Programa de P\u00f3s-gradua\u00e7\u00e3o em Comunica\u00e7\u00e3o da Universidade Federal do Paran\u00e1 (UFPR)","robots":{"index":"index","follow":"follow","max-snippet":"max-snippet:-1","max-image-preview":"max-image-preview:large","max-video-preview":"max-video-preview:-1"},"canonical":"https:\/\/comunicacaoeleitoral.ufpr.br\/index.php\/midias\/","og_locale":"pt_BR","og_type":"article","og_title":"M\u00eddias - Comunica\u00e7\u00e3o Eleitoral","og_description":"Grupo de pesquisa ligado \u00e0 linha de Comunica\u00e7\u00e3o, Pol\u00edtica e Atores Coletivos do Programa de P\u00f3s-gradua\u00e7\u00e3o em Comunica\u00e7\u00e3o da Universidade Federal do Paran\u00e1 (UFPR)","og_url":"https:\/\/comunicacaoeleitoral.ufpr.br\/index.php\/midias\/","og_site_name":"Comunica\u00e7\u00e3o Eleitoral","article_publisher":"https:\/\/www.facebook.com\/Comunica%c3%a7%c3%a3o-Eleitoral-564214587069724\/","article_modified_time":"2022-08-11T11:38:46+00:00","twitter_card":"summary_large_image","twitter_misc":{"Est. tempo de leitura":"6 minutos"},"schema":{"@context":"https:\/\/schema.org","@graph":[{"@type":"WebPage","@id":"https:\/\/comunicacaoeleitoral.ufpr.br\/index.php\/midias\/","url":"https:\/\/comunicacaoeleitoral.ufpr.br\/index.php\/midias\/","name":"M\u00eddias - Comunica\u00e7\u00e3o Eleitoral","isPartOf":{"@id":"https:\/\/comunicacaoeleitoral.ufpr.br\/#website"},"datePublished":"2015-05-31T21:09:28+00:00","dateModified":"2022-08-11T11:38:46+00:00","description":"Grupo de pesquisa ligado \u00e0 linha de Comunica\u00e7\u00e3o, Pol\u00edtica e Atores Coletivos do Programa de P\u00f3s-gradua\u00e7\u00e3o em Comunica\u00e7\u00e3o da Universidade Federal do Paran\u00e1 (UFPR)","breadcrumb":{"@id":"https:\/\/comunicacaoeleitoral.ufpr.br\/index.php\/midias\/#breadcrumb"},"inLanguage":"pt-BR","potentialAction":[{"@type":"ReadAction","target":["https:\/\/comunicacaoeleitoral.ufpr.br\/index.php\/midias\/"]}]},{"@type":"BreadcrumbList","@id":"https:\/\/comunicacaoeleitoral.ufpr.br\/index.php\/midias\/#breadcrumb","itemListElement":[{"@type":"ListItem","position":1,"name":"In\u00edcio","item":"https:\/\/comunicacaoeleitoral.ufpr.br\/"},{"@type":"ListItem","position":2,"name":"M\u00eddias"}]},{"@type":"WebSite","@id":"https:\/\/comunicacaoeleitoral.ufpr.br\/#website","url":"https:\/\/comunicacaoeleitoral.ufpr.br\/","name":"Comunica\u00e7\u00e3o Eleitoral","description":"Grupo de pesquisa ligado \u00e0 linha de Comunica\u00e7\u00e3o e Pol\u00edtica do Programa de P\u00f3s-gradua\u00e7\u00e3o em Comunica\u00e7\u00e3o da Universidade Federal do Paran\u00e1.","publisher":{"@id":"https:\/\/comunicacaoeleitoral.ufpr.br\/#organization"},"potentialAction":[{"@type":"SearchAction","target":{"@type":"EntryPoint","urlTemplate":"https:\/\/comunicacaoeleitoral.ufpr.br\/?s={search_term_string}"},"query-input":"required name=search_term_string"}],"inLanguage":"pt-BR"},{"@type":"Organization","@id":"https:\/\/comunicacaoeleitoral.ufpr.br\/#organization","name":"Comunica\u00e7\u00e3o Eleitoral","url":"https:\/\/comunicacaoeleitoral.ufpr.br\/","logo":{"@type":"ImageObject","inLanguage":"pt-BR","@id":"https:\/\/comunicacaoeleitoral.ufpr.br\/#\/schema\/logo\/image\/","url":"https:\/\/comunicacaoeleitoral.ufpr.br\/wp-content\/uploads\/2015\/05\/header2c_celtalks.png","contentUrl":"https:\/\/comunicacaoeleitoral.ufpr.br\/wp-content\/uploads\/2015\/05\/header2c_celtalks.png","width":1800,"height":674,"caption":"Comunica\u00e7\u00e3o Eleitoral"},"image":{"@id":"https:\/\/comunicacaoeleitoral.ufpr.br\/#\/schema\/logo\/image\/"},"sameAs":["https:\/\/www.facebook.com\/Comunica\u00e7\u00e3o-Eleitoral-564214587069724\/","https:\/\/www.instagram.com\/comunicacaoeleitoral\/","https:\/\/www.youtube.com\/ocanalpanke"]}]}},"_links":{"self":[{"href":"https:\/\/comunicacaoeleitoral.ufpr.br\/index.php\/wp-json\/wp\/v2\/pages\/27"}],"collection":[{"href":"https:\/\/comunicacaoeleitoral.ufpr.br\/index.php\/wp-json\/wp\/v2\/pages"}],"about":[{"href":"https:\/\/comunicacaoeleitoral.ufpr.br\/index.php\/wp-json\/wp\/v2\/types\/page"}],"author":[{"embeddable":true,"href":"https:\/\/comunicacaoeleitoral.ufpr.br\/index.php\/wp-json\/wp\/v2\/users\/1"}],"replies":[{"embeddable":true,"href":"https:\/\/comunicacaoeleitoral.ufpr.br\/index.php\/wp-json\/wp\/v2\/comments?post=27"}],"version-history":[{"count":59,"href":"https:\/\/comunicacaoeleitoral.ufpr.br\/index.php\/wp-json\/wp\/v2\/pages\/27\/revisions"}],"predecessor-version":[{"id":4435,"href":"https:\/\/comunicacaoeleitoral.ufpr.br\/index.php\/wp-json\/wp\/v2\/pages\/27\/revisions\/4435"}],"wp:attachment":[{"href":"https:\/\/comunicacaoeleitoral.ufpr.br\/index.php\/wp-json\/wp\/v2\/media?parent=27"}],"curies":[{"name":"wp","href":"https:\/\/api.w.org\/{rel}","templated":true}]}}